{"id":1080,"date":"2018-04-15T22:28:09","date_gmt":"2018-04-15T22:28:09","guid":{"rendered":"http:\/\/localhost\/wordpress_FIJR_2018\/?page_id=1080"},"modified":"2018-04-15T22:28:09","modified_gmt":"2018-04-15T22:28:09","slug":"martes-17-fijr2018","status":"publish","type":"page","link":"https:\/\/www.filmfest-granada.com\/2018\/martes-17-fijr2018\/","title":{"rendered":"MARTES 17"},"content":{"rendered":"<h3><span style=\"color: #68acd4\"><strong>20:00 &#8211; Centro Federico Garc\u00eda Lorca<\/strong><\/span><\/h3>\n<h4>INAUGURACI\u00d3N<\/h4>\n<p><em>El tiempo nos har\u00e1 libres<\/em>\u00a0<span class=\"s1\">(Espa\u00f1a, 2018. 65&#8242;) <em>Work in progress<\/em><\/span><\/p>\n<p><img fetchpriority=\"high\" decoding=\"async\" class=\"alignnone wp-image-1081\" src=\"https:\/\/www.filmfest-granada.com\/2018\/wp-content\/uploads\/sites\/2\/2018\/04\/POSTER-734x1024.jpg\" alt=\"\" width=\"300\" height=\"419\" srcset=\"https:\/\/www.filmfest-granada.com\/2018\/wp-content\/uploads\/sites\/2\/2018\/04\/POSTER-734x1024.jpg 734w, https:\/\/www.filmfest-granada.com\/2018\/wp-content\/uploads\/sites\/2\/2018\/04\/POSTER-215x300.jpg 215w, https:\/\/www.filmfest-granada.com\/2018\/wp-content\/uploads\/sites\/2\/2018\/04\/POSTER-768x1072.jpg 768w, https:\/\/www.filmfest-granada.com\/2018\/wp-content\/uploads\/sites\/2\/2018\/04\/POSTER-1075x1500.jpg 1075w\" sizes=\"(max-width: 300px) 100vw, 300px\" \/><\/p>\n<p class=\"p1\"><span class=\"s1\"><strong>Direcci\u00f3n:<\/strong> Carlos Rivero<br \/>\n<strong>M\u00fasica:<\/strong> Jonay Armas<br \/>\n<strong>Reparto: <\/strong>Lydia Quintanilla<\/span><\/p>\n<p><strong>Sinopsis:\u00a0<\/strong><span class=\"s1\">El m\u00fasico Jonay Armas interpela al cineasta Carlos Rivero a concebir un filme de naturaleza muda con el que poder dialogar a trav\u00e9s de una composici\u00f3n para piano, que ser\u00e1 interpretada en tiempo real durante la proyecci\u00f3n. En esta obra conjunta se dan cita el amor por las personas y los lugares, tan propios del cine de Rivero, como el amor por los sonidos del piano, un arte que Jonay Armas lleva persiguiendo desde el comienzo de su carrera musical. Una fusi\u00f3n entre lo cinematogr\u00e1fico y lo musical con la b\u00fasqueda de la belleza como gu\u00eda desde la que explorar nuevos caminos narrativos. <em>W<\/em><\/span><em>ork in progress<\/em>.<\/p>\n<p><iframe width=\"740\" height=\"416\" src=\"https:\/\/www.youtube.com\/embed\/DJtlne3JY-o?feature=oembed\" frameborder=\"0\" allow=\"autoplay; encrypted-media\" allowfullscreen><\/iframe><\/p>\n","protected":false},"excerpt":{"rendered":"<p>20:00 &#8211; Centro Federico Garc\u00eda Lorca INAUGURACI\u00d3N El tiempo nos har\u00e1 libres\u00a0(Espa\u00f1a, 2018. 65&#8242;) Work in progress Direcci\u00f3n: Carlos Rivero M\u00fasica: Jonay Armas Reparto: Lydia Quintanilla Sinopsis:\u00a0El m\u00fasico Jonay Armas interpela al cineasta Carlos Rivero a concebir un filme de naturaleza muda con el que poder dialogar a trav\u00e9s de una composici\u00f3n para piano, que &hellip; <a href=\"https:\/\/www.filmfest-granada.com\/2018\/martes-17-fijr2018\/\" class=\"more-link\">Continue reading <span class=\"screen-reader-text\">MARTES 17<\/span><\/a><\/p>\n","protected":false},"author":1,"featured_media":0,"parent":0,"menu_order":0,"comment_status":"closed","ping_status":"closed","template":"","meta":{"footnotes":""},"class_list":["post-1080","page","type-page","status-publish","hentry"],"_links":{"self":[{"href":"https:\/\/www.filmfest-granada.com\/2018\/wp-json\/wp\/v2\/pages\/1080","targetHints":{"allow":["GET"]}}],"collection":[{"href":"https:\/\/www.filmfest-granada.com\/2018\/wp-json\/wp\/v2\/pages"}],"about":[{"href":"https:\/\/www.filmfest-granada.com\/2018\/wp-json\/wp\/v2\/types\/page"}],"author":[{"embeddable":true,"href":"https:\/\/www.filmfest-granada.com\/2018\/wp-json\/wp\/v2\/users\/1"}],"replies":[{"embeddable":true,"href":"https:\/\/www.filmfest-granada.com\/2018\/wp-json\/wp\/v2\/comments?post=1080"}],"version-history":[{"count":0,"href":"https:\/\/www.filmfest-granada.com\/2018\/wp-json\/wp\/v2\/pages\/1080\/revisions"}],"wp:attachment":[{"href":"https:\/\/www.filmfest-granada.com\/2018\/wp-json\/wp\/v2\/media?parent=1080"}],"curies":[{"name":"wp","href":"https:\/\/api.w.org\/{rel}","templated":true}]}}