{"id":1170,"date":"2018-04-18T06:19:13","date_gmt":"2018-04-18T06:19:13","guid":{"rendered":"http:\/\/localhost\/wordpress_FIJR_2018\/?page_id=1170"},"modified":"2018-04-18T06:19:13","modified_gmt":"2018-04-18T06:19:13","slug":"domingo-22-fijr2018","status":"publish","type":"page","link":"https:\/\/www.filmfest-granada.com\/2018\/domingo-22-fijr2018\/","title":{"rendered":"DOMINGO 22"},"content":{"rendered":"<h3><span style=\"color: #68acd4\"><strong>20:00 &#8211; Centro Federico Garc\u00eda Lorca<\/strong><\/span><\/h3>\n<h4>CLAUSURA<\/h4>\n<p><i>Lo que dir\u00e1n<\/i>\u00a0<span class=\"s1\">(Espa\u00f1a, 2018. 65&#8242;)<\/span><\/p>\n<p><img fetchpriority=\"high\" decoding=\"async\" class=\"alignnone wp-image-1169\" src=\"https:\/\/www.filmfest-granada.com\/2018\/wp-content\/uploads\/sites\/2\/2018\/04\/DaG5ZpBU8AEey8p-724x1024.jpg\" alt=\"\" width=\"300\" height=\"424\" srcset=\"https:\/\/www.filmfest-granada.com\/2018\/wp-content\/uploads\/sites\/2\/2018\/04\/DaG5ZpBU8AEey8p-724x1024.jpg 724w, https:\/\/www.filmfest-granada.com\/2018\/wp-content\/uploads\/sites\/2\/2018\/04\/DaG5ZpBU8AEey8p-212x300.jpg 212w, https:\/\/www.filmfest-granada.com\/2018\/wp-content\/uploads\/sites\/2\/2018\/04\/DaG5ZpBU8AEey8p-768x1086.jpg 768w, https:\/\/www.filmfest-granada.com\/2018\/wp-content\/uploads\/sites\/2\/2018\/04\/DaG5ZpBU8AEey8p-1061x1500.jpg 1061w, https:\/\/www.filmfest-granada.com\/2018\/wp-content\/uploads\/sites\/2\/2018\/04\/DaG5ZpBU8AEey8p.jpg 1448w\" sizes=\"(max-width: 300px) 100vw, 300px\" \/><\/p>\n<p class=\"p1\"><span class=\"s1\"><strong>Direcci\u00f3n:<\/strong> Nila Nu\u00f1ez<br \/>\n<strong>Guion:<\/strong> Mar Zapata<br \/>\n<strong>Reparto:\u00a0<\/strong><span class=\"cast\">Aisha Butt Shaheen,<\/span>\u00a0<span class=\"cast\">Ahlam Chichati Mainich<\/span><\/span><\/p>\n<p><strong>Sinopsis:\u00a0<\/strong><span class=\"s1\">Dos adolescentes, entre risas, rebeld\u00eda y cari\u00f1o, nos dan una bofetada contra nuestros prejuicios. El uso del hijab, que tantas contradicciones genera en Occidente, se presenta en forma de conversaci\u00f3n entre dos amigas con visiones distintas sobre la identidad y la apariencia personal. En una etapa de deseos y dudas en la agitaci\u00f3n de crecer, se cuestionan sus distintas identidades. Nace de esta manera su amistad tan sorprendente y \u00fanica.<\/span><\/p>\n<p><em>Mejor pel\u00edcula y mejor directora espa\u00f1ola en el Festival de Gij\u00f3n<\/em><\/p>\n<p><iframe width=\"740\" height=\"416\" src=\"https:\/\/www.youtube.com\/embed\/FZyXY_YHUCA?feature=oembed\" frameborder=\"0\" allow=\"autoplay; encrypted-media\" allowfullscreen><\/iframe><\/p>\n","protected":false},"excerpt":{"rendered":"<p>20:00 &#8211; Centro Federico Garc\u00eda Lorca CLAUSURA Lo que dir\u00e1n\u00a0(Espa\u00f1a, 2018. 65&#8242;) Direcci\u00f3n: Nila Nu\u00f1ez Guion: Mar Zapata Reparto:\u00a0Aisha Butt Shaheen,\u00a0Ahlam Chichati Mainich Sinopsis:\u00a0Dos adolescentes, entre risas, rebeld\u00eda y cari\u00f1o, nos dan una bofetada contra nuestros prejuicios. El uso del hijab, que tantas contradicciones genera en Occidente, se presenta en forma de conversaci\u00f3n entre dos &hellip; <a href=\"https:\/\/www.filmfest-granada.com\/2018\/domingo-22-fijr2018\/\" class=\"more-link\">Continue reading <span class=\"screen-reader-text\">DOMINGO 22<\/span><\/a><\/p>\n","protected":false},"author":1,"featured_media":0,"parent":0,"menu_order":0,"comment_status":"closed","ping_status":"closed","template":"","meta":{"footnotes":""},"class_list":["post-1170","page","type-page","status-publish","hentry"],"_links":{"self":[{"href":"https:\/\/www.filmfest-granada.com\/2018\/wp-json\/wp\/v2\/pages\/1170","targetHints":{"allow":["GET"]}}],"collection":[{"href":"https:\/\/www.filmfest-granada.com\/2018\/wp-json\/wp\/v2\/pages"}],"about":[{"href":"https:\/\/www.filmfest-granada.com\/2018\/wp-json\/wp\/v2\/types\/page"}],"author":[{"embeddable":true,"href":"https:\/\/www.filmfest-granada.com\/2018\/wp-json\/wp\/v2\/users\/1"}],"replies":[{"embeddable":true,"href":"https:\/\/www.filmfest-granada.com\/2018\/wp-json\/wp\/v2\/comments?post=1170"}],"version-history":[{"count":0,"href":"https:\/\/www.filmfest-granada.com\/2018\/wp-json\/wp\/v2\/pages\/1170\/revisions"}],"wp:attachment":[{"href":"https:\/\/www.filmfest-granada.com\/2018\/wp-json\/wp\/v2\/media?parent=1170"}],"curies":[{"name":"wp","href":"https:\/\/api.w.org\/{rel}","templated":true}]}}