{"id":1180,"date":"2018-04-19T08:11:45","date_gmt":"2018-04-19T08:11:45","guid":{"rendered":"http:\/\/localhost\/wordpress_FIJR_2018\/?page_id=1180"},"modified":"2018-04-19T08:11:45","modified_gmt":"2018-04-19T08:11:45","slug":"seleccionados-fijr2018","status":"publish","type":"page","link":"https:\/\/www.filmfest-granada.com\/2018\/seleccionados-fijr2018\/","title":{"rendered":"SELECCIONADOS"},"content":{"rendered":"<p>Hacemos p\u00fablica la lista de seleccionados del Premio Aguaespejo, valorado en 800\u20ac, y del Premio Sin, concedido por la Fundaci\u00f3n Agua Granada y valorado en 500\u20ac. Las siguientes obras aspiran a los respectivos premios y se proyectar\u00e1n en el acto de clausura del festival, que tendr\u00e1 lugar el domingo 22 de abril a las 20:00 en el Centro Federico Garc\u00eda Lorca. El jurado estar\u00e1 compuesto por Elena Duque, \u00c1ngeles Agrela y Jos\u00e9 \u00c1ngel Arias.<\/p>\n<h3>Selecci\u00f3n Premio Aguaespejo<\/h3>\n<div class=\"text_exposed_show\">\n<p>&#8211; Raquel Agea Ramos: Siniestra Liturgia<br \/>\n&#8211; Mar Navarro Llombart: El \u00faltimo recuerdo de Lola<br \/>\n&#8211; Francisco Porcel: GLTICHJR<br \/>\n&#8211; Iria Silvosa: Instantes de placer para una joven cineasta<br \/>\n&#8211; \u00d3scar Burgos Sierra: Espejismo<br \/>\n&#8211; Manuel Palma: Vuelo<br \/>\n&#8211; Alicia M\u00ednguez Ru\u00edz: Hecho a mano<br \/>\n&#8211; Cristina Meca: Ruido<br \/>\n&#8211; Carlos Murcia: VER\/SER<br \/>\n&#8211; Sonia Hita: Con un ni\u00f1o de la mano<br \/>\n&#8211; David Chaves: Bailando la sopa<br \/>\n&#8211; Enrique Pi\u00f1uel: Grabaciones de campo<br \/>\n&#8211; Miguel \u00c1ngel Mart\u00ednez: Autorretrato<\/p>\n<p><iframe width=\"740\" height=\"416\" src=\"https:\/\/www.youtube.com\/embed\/videoseries?list=PL2ngYwMvmY5Pg2V1rQ16mXKOed0Cw5A6K\" frameborder=\"0\" allow=\"autoplay; encrypted-media\" allowfullscreen><\/iframe><\/p>\n<h4>Selecci\u00f3n Premio Sin Fin<\/h4>\n<p>&#8211; David Heras: Al final, la sopa fr\u00eda<br \/>\n&#8211; Pedro Guajardo: ArchipieLagos &#8211; the sound of speed #2<br \/>\n&#8211; Francisco Javier Ballesteros Ju\u00e1rez: Ondas de fluencia<br \/>\n&#8211; Carmen Pascual Guerrero: 1937<br \/>\n&#8211; Nazaret Exp\u00f3sito: La vie en rectangulaire<br \/>\n&#8211; Constanza Celed\u00f3n: Ojo MoroAndinoEuropeo<br \/>\n&#8211; Natividad Rodr\u00edguez: Awa<br \/>\n&#8211; Carlos Fern\u00e1ndez: Farise\u00edsmo<br \/>\n&#8211; Raquel V\u00e9lez Ramos: Volviendo a casa<br \/>\n&#8211; Ivan Malevoski: Gran nada<\/p>\n<p><iframe width=\"740\" height=\"416\" src=\"https:\/\/www.youtube.com\/embed\/videoseries?list=PL2ngYwMvmY5PKsttRho8Wdssp_nMk9ldm\" frameborder=\"0\" allow=\"autoplay; encrypted-media\" allowfullscreen><\/iframe><\/p>\n<\/div>\n","protected":false},"excerpt":{"rendered":"<p>Hacemos p\u00fablica la lista de seleccionados del Premio Aguaespejo, valorado en 800\u20ac, y del Premio Sin, concedido por la Fundaci\u00f3n Agua Granada y valorado en 500\u20ac. Las siguientes obras aspiran a los respectivos premios y se proyectar\u00e1n en el acto de clausura del festival, que tendr\u00e1 lugar el domingo 22 de abril a las 20:00 &hellip; <a href=\"https:\/\/www.filmfest-granada.com\/2018\/seleccionados-fijr2018\/\" class=\"more-link\">Continue reading <span class=\"screen-reader-text\">SELECCIONADOS<\/span><\/a><\/p>\n","protected":false},"author":1,"featured_media":0,"parent":0,"menu_order":0,"comment_status":"closed","ping_status":"closed","template":"","meta":{"footnotes":""},"class_list":["post-1180","page","type-page","status-publish","hentry"],"_links":{"self":[{"href":"https:\/\/www.filmfest-granada.com\/2018\/wp-json\/wp\/v2\/pages\/1180","targetHints":{"allow":["GET"]}}],"collection":[{"href":"https:\/\/www.filmfest-granada.com\/2018\/wp-json\/wp\/v2\/pages"}],"about":[{"href":"https:\/\/www.filmfest-granada.com\/2018\/wp-json\/wp\/v2\/types\/page"}],"author":[{"embeddable":true,"href":"https:\/\/www.filmfest-granada.com\/2018\/wp-json\/wp\/v2\/users\/1"}],"replies":[{"embeddable":true,"href":"https:\/\/www.filmfest-granada.com\/2018\/wp-json\/wp\/v2\/comments?post=1180"}],"version-history":[{"count":0,"href":"https:\/\/www.filmfest-granada.com\/2018\/wp-json\/wp\/v2\/pages\/1180\/revisions"}],"wp:attachment":[{"href":"https:\/\/www.filmfest-granada.com\/2018\/wp-json\/wp\/v2\/media?parent=1180"}],"curies":[{"name":"wp","href":"https:\/\/api.w.org\/{rel}","templated":true}]}}