{"id":26,"date":"2017-10-08T21:30:31","date_gmt":"2017-10-08T21:30:31","guid":{"rendered":"https:\/\/fijr2017.wordpress.com\/?page_id=26"},"modified":"2017-10-08T21:30:31","modified_gmt":"2017-10-08T21:30:31","slug":"presentacion","status":"publish","type":"page","link":"https:\/\/www.filmfest-granada.com\/2018\/presentacion\/","title":{"rendered":"PRESENTACI\u00d3N"},"content":{"rendered":"<p class=\"p1\"><span class=\"s1\">El cine remedia el olvido y reconstruye la memoria. Un Festival de J\u00f3venes Realizadores por tanto cree, adem\u00e1s de en el cinema, en el futuro. Uno al que mirar impulsados por la acogida de la anterior edici\u00f3n entre los granadinos, medios de comunicaci\u00f3n y cr\u00edtica especializada.<\/span><\/p>\n<p class=\"p1\"><span class=\"s1\">El FIJR prosigue los caminos abiertos para acercar largometrajes, cortos, cine de animaci\u00f3n y \u00f3peras primas de amplio reconocimiento internacional. Una programaci\u00f3n heterodoxa que presta especial atenci\u00f3n al otro cine espa\u00f1ol, sensible a la producci\u00f3n alternativa y alejada de las pantallas convencionales, con programas espec\u00edficos para llevar el cine a las aulas.<\/span><\/p>\n<p class=\"p1\"><span class=\"s1\">La oferta formativa se enriquece con talleres y master class, que junto a la continuidad del <i>Premio Aguaespejo<\/i> y la creaci\u00f3n del <i>Premio Sin Fin<\/i>, concedido por la Fundaci\u00f3n AguaGranada, aspira a fomentar nuevos espectadores y cineastas como un objetivo compartido. Pero el festival tambi\u00e9n se abre a otros p\u00fablicos y disciplinas art\u00edsticas gracias al OFF FIJR, que se extender\u00e1 por librer\u00edas, tiendas de m\u00fasica y espacios alternativos del centro de Granada.<\/span><\/p>\n<p class=\"p1\"><span class=\"s1\">Esta es nuestra apuesta y la de las instituciones que la acogen, quedan convidados.<i> <\/i>Nuestra casa es vuestra casa, si es que a\u00fan hay casas de alguien, como cantara Sisa: <i>Benvinguts, passeu passeu<\/i>\u2026<\/span><\/p>\n<p class=\"p4\"><span class=\"s1\"><b>Jos\u00e9 Luis Chac\u00f3n y Maite Garc\u00eda Ribot<\/b> (Director y Subdirectora del <i>Festival Internacional de J\u00f3venes Realizadores<\/i>)<\/span><\/p>\n","protected":false},"excerpt":{"rendered":"<p>El cine remedia el olvido y reconstruye la memoria. Un Festival de J\u00f3venes Realizadores por tanto cree, adem\u00e1s de en el cinema, en el futuro. Uno al que mirar impulsados por la acogida de la anterior edici\u00f3n entre los granadinos, medios de comunicaci\u00f3n y cr\u00edtica especializada. El FIJR prosigue los caminos abiertos para acercar largometrajes, &hellip; <a href=\"https:\/\/www.filmfest-granada.com\/2018\/presentacion\/\" class=\"more-link\">Continue reading <span class=\"screen-reader-text\">PRESENTACI\u00d3N<\/span><\/a><\/p>\n","protected":false},"author":2,"featured_media":690,"parent":0,"menu_order":0,"comment_status":"closed","ping_status":"closed","template":"","meta":{"footnotes":""},"class_list":["post-26","page","type-page","status-publish","has-post-thumbnail","hentry"],"_links":{"self":[{"href":"https:\/\/www.filmfest-granada.com\/2018\/wp-json\/wp\/v2\/pages\/26","targetHints":{"allow":["GET"]}}],"collection":[{"href":"https:\/\/www.filmfest-granada.com\/2018\/wp-json\/wp\/v2\/pages"}],"about":[{"href":"https:\/\/www.filmfest-granada.com\/2018\/wp-json\/wp\/v2\/types\/page"}],"author":[{"embeddable":true,"href":"https:\/\/www.filmfest-granada.com\/2018\/wp-json\/wp\/v2\/users\/2"}],"replies":[{"embeddable":true,"href":"https:\/\/www.filmfest-granada.com\/2018\/wp-json\/wp\/v2\/comments?post=26"}],"version-history":[{"count":0,"href":"https:\/\/www.filmfest-granada.com\/2018\/wp-json\/wp\/v2\/pages\/26\/revisions"}],"wp:featuredmedia":[{"embeddable":true,"href":"https:\/\/www.filmfest-granada.com\/2018\/wp-json\/wp\/v2\/media\/690"}],"wp:attachment":[{"href":"https:\/\/www.filmfest-granada.com\/2018\/wp-json\/wp\/v2\/media?parent=26"}],"curies":[{"name":"wp","href":"https:\/\/api.w.org\/{rel}","templated":true}]}}