{"id":269,"date":"2017-10-25T07:51:56","date_gmt":"2017-10-25T07:51:56","guid":{"rendered":"http:\/\/localhost\/wordpress_FIJR_2018\/?page_id=269"},"modified":"2017-10-25T07:51:56","modified_gmt":"2017-10-25T07:51:56","slug":"entradas","status":"publish","type":"page","link":"https:\/\/www.filmfest-granada.com\/2018\/entradas\/","title":{"rendered":"ENTRADAS"},"content":{"rendered":"<h3><img fetchpriority=\"high\" decoding=\"async\" class=\"aligncenter wp-image-1013\" src=\"https:\/\/www.filmfest-granada.com\/2018\/wp-content\/uploads\/sites\/2\/2018\/04\/horarios-e1523446083512.png\" alt=\"\" width=\"352\" height=\"150\" srcset=\"https:\/\/www.filmfest-granada.com\/2018\/wp-content\/uploads\/sites\/2\/2018\/04\/horarios-e1523446083512.png 469w, https:\/\/www.filmfest-granada.com\/2018\/wp-content\/uploads\/sites\/2\/2018\/04\/horarios-e1523446083512-300x128.png 300w\" sizes=\"(max-width: 352px) 100vw, 352px\" \/><\/h3>\n<hr \/>\n<h3 style=\"text-align: left\">CENTRO FEDERICO GARC\u00cdA LORCA<\/h3>\n<p>HORARIO DE TAQUILLA<\/p>\n<p>Del lunes 16 al viernes 20 de abril: 12-14h \/ 17-20h<\/p>\n<p>S\u00e1bado: 11-14h \/ 17-20h<\/p>\n<p>Domingo: 12-14h \/ 18-20h<\/p>\n<p><em>Las entradas se adquirir\u00e1n \u00fanicamente en el hall del Centro Lorca durante la celebraci\u00f3n del festival. Los abonos pueden compartirse.<\/em><\/p>\n<p>ENTRADAS: 4\u20ac<br \/>\nABONO (5 PASES): 15\u20ac<\/p>\n<p><em>Entrada 3\u20ac y abono 10\u20ac presentando carnet de estudiante y tarjeta de jubilado. Entrada gratuita para ni\u00f1os hasta 12 a\u00f1os.<\/em><\/p>\n<div id=\"js_5g\" class=\"_5pbx userContent _3576\"><a href=\"https:\/\/entradium.com\/entradas\/loving-vincent-off-fijr\" target=\"_blank\" rel=\"noopener\"><span style=\"color: #ff0000\"><strong>\u00a1Compra tus entradas para ver <em>Loving Vincent<\/em> en el siguiente enlace!<\/strong><\/span><\/a><\/div>\n<div><\/div>\n<div>\n<hr \/>\n<\/div>\n<h3 style=\"text-align: left\">LA EXPOSITIVA<\/h3>\n<p>Entradas a la venta en taquilla y por internet en el <a href=\"https:\/\/www.laexpositiva.com\/eventos\/\" target=\"_blank\" rel=\"noopener\">siguiente enlace<\/a>.<\/p>\n","protected":false},"excerpt":{"rendered":"<p>CENTRO FEDERICO GARC\u00cdA LORCA HORARIO DE TAQUILLA Del lunes 16 al viernes 20 de abril: 12-14h \/ 17-20h S\u00e1bado: 11-14h \/ 17-20h Domingo: 12-14h \/ 18-20h Las entradas se adquirir\u00e1n \u00fanicamente en el hall del Centro Lorca durante la celebraci\u00f3n del festival. Los abonos pueden compartirse. ENTRADAS: 4\u20ac ABONO (5 PASES): 15\u20ac Entrada 3\u20ac y &hellip; <a href=\"https:\/\/www.filmfest-granada.com\/2018\/entradas\/\" class=\"more-link\">Continue reading <span class=\"screen-reader-text\">ENTRADAS<\/span><\/a><\/p>\n","protected":false},"author":1,"featured_media":1014,"parent":0,"menu_order":0,"comment_status":"closed","ping_status":"closed","template":"","meta":{"footnotes":""},"class_list":["post-269","page","type-page","status-publish","has-post-thumbnail","hentry"],"_links":{"self":[{"href":"https:\/\/www.filmfest-granada.com\/2018\/wp-json\/wp\/v2\/pages\/269","targetHints":{"allow":["GET"]}}],"collection":[{"href":"https:\/\/www.filmfest-granada.com\/2018\/wp-json\/wp\/v2\/pages"}],"about":[{"href":"https:\/\/www.filmfest-granada.com\/2018\/wp-json\/wp\/v2\/types\/page"}],"author":[{"embeddable":true,"href":"https:\/\/www.filmfest-granada.com\/2018\/wp-json\/wp\/v2\/users\/1"}],"replies":[{"embeddable":true,"href":"https:\/\/www.filmfest-granada.com\/2018\/wp-json\/wp\/v2\/comments?post=269"}],"version-history":[{"count":0,"href":"https:\/\/www.filmfest-granada.com\/2018\/wp-json\/wp\/v2\/pages\/269\/revisions"}],"wp:featuredmedia":[{"embeddable":true,"href":"https:\/\/www.filmfest-granada.com\/2018\/wp-json\/wp\/v2\/media\/1014"}],"wp:attachment":[{"href":"https:\/\/www.filmfest-granada.com\/2018\/wp-json\/wp\/v2\/media?parent=269"}],"curies":[{"name":"wp","href":"https:\/\/api.w.org\/{rel}","templated":true}]}}