{"id":648,"date":"2018-02-13T23:52:23","date_gmt":"2018-02-13T23:52:23","guid":{"rendered":"http:\/\/localhost\/wordpress_FIJR_2018\/?page_id=648"},"modified":"2018-02-13T23:52:23","modified_gmt":"2018-02-13T23:52:23","slug":"enero-2018","status":"publish","type":"page","link":"https:\/\/www.filmfest-granada.com\/2018\/enero-2018\/","title":{"rendered":"ENERO 2018"},"content":{"rendered":"<h2 class=\"p1\"><span class=\"s1\">FIJR PRESENTA<\/span><\/h2>\n<p><strong><span style=\"color: #99cc00\">Jueves 25 de enero &#8211;\u00a020:00 Centro Federico Garc\u00eda Lorca<\/span><\/strong><\/p>\n<p class=\"p1\"><span class=\"s1\"><em>Caballo de viento<\/em> (2017, Espa\u00f1a, 90 min)<\/span><\/p>\n<p><span class=\"s1\"><img fetchpriority=\"high\" decoding=\"async\" class=\"alignnone wp-image-652\" src=\"https:\/\/www.filmfest-granada.com\/2018\/wp-content\/uploads\/sites\/2\/2018\/02\/cartel-Caballo-2-566x800.jpg\" alt=\"\" width=\"250\" height=\"353\" srcset=\"https:\/\/www.filmfest-granada.com\/2018\/wp-content\/uploads\/sites\/2\/2018\/02\/cartel-Caballo-2-566x800.jpg 566w, https:\/\/www.filmfest-granada.com\/2018\/wp-content\/uploads\/sites\/2\/2018\/02\/cartel-Caballo-2-566x800-212x300.jpg 212w\" sizes=\"(max-width: 250px) 100vw, 250px\" \/><\/span><\/p>\n<p><span class=\"s1\"><strong>Direcci\u00f3n:<\/strong> Mois\u00e9s Salama<br \/>\n<strong>Guion:<\/strong> Mois\u00e9s Salama, Alejandro Alvarado, Concha Barquero<br \/>\n<strong>Fotograf\u00eda:<\/strong> Alejandro Alvarado<br \/>\n<\/span><\/p>\n<p class=\"p1\"><span class=\"s1\"><strong>Sinopsis:<\/strong> A sus setenta a\u00f1os, Nando est\u00e1 seriamente enfermo. Es el momento cr\u00edtico que sirve de catalizador para un relato biogr\u00e1fico que alterna la cr\u00f3nica del presente con la rememoraci\u00f3n del pasado. El retrato cambiante del protagonista, que recuerda sin pudor a\u00f1os de m\u00e1scaras, b\u00fasquedas y exploraciones, se va perfilando a lo largo de una narraci\u00f3n discontinua que transita desde su retomada actividad pol\u00edtica a ra\u00edz del movimiento 15-M a su activismo \u00e1crata durante las revueltas estudiantiles antifranquistas o, tras el exilio franc\u00e9s, de sus etapas de adicci\u00f3n a la hero\u00edna a su actual compromiso con la pr\u00e1ctica de la meditaci\u00f3n budista como una herramienta de transformaci\u00f3n personal y social.<\/span><\/p>\n<p><iframe width=\"740\" height=\"416\" src=\"https:\/\/www.youtube.com\/embed\/nQOa6Y-M0uM?feature=oembed\" frameborder=\"0\" allow=\"autoplay; encrypted-media\" allowfullscreen><\/iframe><\/p>\n<p class=\"p3\">\n","protected":false},"excerpt":{"rendered":"<p>FIJR PRESENTA Jueves 25 de enero &#8211;\u00a020:00 Centro Federico Garc\u00eda Lorca Caballo de viento (2017, Espa\u00f1a, 90 min) Direcci\u00f3n: Mois\u00e9s Salama Guion: Mois\u00e9s Salama, Alejandro Alvarado, Concha Barquero Fotograf\u00eda: Alejandro Alvarado Sinopsis: A sus setenta a\u00f1os, Nando est\u00e1 seriamente enfermo. Es el momento cr\u00edtico que sirve de catalizador para un relato biogr\u00e1fico que alterna la &hellip; <a href=\"https:\/\/www.filmfest-granada.com\/2018\/enero-2018\/\" class=\"more-link\">Continue reading <span class=\"screen-reader-text\">ENERO 2018<\/span><\/a><\/p>\n","protected":false},"author":1,"featured_media":0,"parent":0,"menu_order":0,"comment_status":"closed","ping_status":"closed","template":"","meta":{"footnotes":""},"class_list":["post-648","page","type-page","status-publish","hentry"],"_links":{"self":[{"href":"https:\/\/www.filmfest-granada.com\/2018\/wp-json\/wp\/v2\/pages\/648","targetHints":{"allow":["GET"]}}],"collection":[{"href":"https:\/\/www.filmfest-granada.com\/2018\/wp-json\/wp\/v2\/pages"}],"about":[{"href":"https:\/\/www.filmfest-granada.com\/2018\/wp-json\/wp\/v2\/types\/page"}],"author":[{"embeddable":true,"href":"https:\/\/www.filmfest-granada.com\/2018\/wp-json\/wp\/v2\/users\/1"}],"replies":[{"embeddable":true,"href":"https:\/\/www.filmfest-granada.com\/2018\/wp-json\/wp\/v2\/comments?post=648"}],"version-history":[{"count":0,"href":"https:\/\/www.filmfest-granada.com\/2018\/wp-json\/wp\/v2\/pages\/648\/revisions"}],"wp:attachment":[{"href":"https:\/\/www.filmfest-granada.com\/2018\/wp-json\/wp\/v2\/media?parent=648"}],"curies":[{"name":"wp","href":"https:\/\/api.w.org\/{rel}","templated":true}]}}