{"id":659,"date":"2018-02-14T00:14:57","date_gmt":"2018-02-14T00:14:57","guid":{"rendered":"http:\/\/localhost\/wordpress_FIJR_2018\/?page_id=659"},"modified":"2018-02-14T00:14:57","modified_gmt":"2018-02-14T00:14:57","slug":"febrero-2018","status":"publish","type":"page","link":"https:\/\/www.filmfest-granada.com\/2018\/febrero-2018\/","title":{"rendered":"FEBRERO 2018"},"content":{"rendered":"<h2>FIJR PRESENTA<\/h2>\n<p><span style=\"color: #99cc00\"><strong>Jueves 22 de febrero &#8211; 20:00 Centro Federico Garc\u00eda Lorca\u00a0<\/strong><\/span><br \/>\n<span style=\"color: #99cc00\"><strong>S\u00e1bado 24 de febrero &#8211; 19:00 Centro Federico Garc\u00eda Lorca\u00a0<\/strong><\/span><br \/>\n<span style=\"color: #99cc00\"><strong>Domingo 25 de febrero &#8211; 12:30 Centro Federico Garc\u00eda Lorca\u00a0<\/strong><\/span><\/p>\n<p><em>Loving Vincent<\/em> <span class=\"s1\">(90 min, Polonia-Reino Unido. 2017)<\/span><br \/>\n<img fetchpriority=\"high\" decoding=\"async\" class=\"alignnone wp-image-661\" src=\"https:\/\/www.filmfest-granada.com\/2018\/wp-content\/uploads\/sites\/2\/2018\/02\/LOVING-VINCENT-Poster-726x1024.jpg\" alt=\"\" width=\"250\" height=\"352\" srcset=\"https:\/\/www.filmfest-granada.com\/2018\/wp-content\/uploads\/sites\/2\/2018\/02\/LOVING-VINCENT-Poster-726x1024.jpg 726w, https:\/\/www.filmfest-granada.com\/2018\/wp-content\/uploads\/sites\/2\/2018\/02\/LOVING-VINCENT-Poster-213x300.jpg 213w, https:\/\/www.filmfest-granada.com\/2018\/wp-content\/uploads\/sites\/2\/2018\/02\/LOVING-VINCENT-Poster-768x1083.jpg 768w, https:\/\/www.filmfest-granada.com\/2018\/wp-content\/uploads\/sites\/2\/2018\/02\/LOVING-VINCENT-Poster-1064x1500.jpg 1064w\" sizes=\"(max-width: 250px) 100vw, 250px\" \/><\/p>\n<p class=\"p1\"><span class=\"s1\"><strong>Direcci\u00f3n:<\/strong> Dorota Kobiela, Hugh Welchman<br \/>\n<strong>Guion:<\/strong> Dorota Kobiela, Hugh Welchman, Jacek Dehnel<br \/>\n<strong>M\u00fasica:<\/strong> Clint Mansell<br \/>\n<strong>Reparto:<\/strong> Helen McCrory, Saoirse Ronan, Aidan Turner, Eleanor Tomlinson, Chris O\u2019Dowd, Douglas Booth, Jerome Flynn<\/span><\/p>\n<p><strong>Sinopsis:<\/strong>\u00a0<span class=\"s1\">Francia, verano de 1891. El joven Armand recibe una carta de su padre, el cartero Joseph Roulin, para entregarla en mano en Paris al hermano de su amigo Vincent Van Gogh. Pero en Par\u00eds no hay rastro de Theo, del que cuentan que muri\u00f3 poco tiempo despu\u00e9s de que su hermano Vincent se quitara la vida. As\u00ed comienza <em>Loving Vincent<\/em>, la primera pel\u00edcula realizada al oleo de la historia del cine. A trav\u00e9s de m\u00e1s de 65.000 fotogramas animados, pintados a mano por artistas de todo el mundo, la pel\u00edcula da vida a los cuadros de Van Gogh recorriendo la misteriosa vida del pintor a trav\u00e9s de las cartas que con frecuencia escrib\u00eda a su hermano peque\u00f1o Theo.<\/span><\/p>\n<h5>La proyecci\u00f3n ser\u00e1 en versi\u00f3n original subtitulada al castellano y las entradas estar\u00e1n a la venta desde una hora antes de la sesi\u00f3n al precio de tres euros.<\/h5>\n<p><iframe width=\"740\" height=\"416\" src=\"https:\/\/www.youtube.com\/embed\/XYMAoi_nwB4?feature=oembed\" frameborder=\"0\" allow=\"autoplay; encrypted-media\" allowfullscreen><\/iframe><\/p>\n","protected":false},"excerpt":{"rendered":"<p>FIJR PRESENTA Jueves 22 de febrero &#8211; 20:00 Centro Federico Garc\u00eda Lorca\u00a0 S\u00e1bado 24 de febrero &#8211; 19:00 Centro Federico Garc\u00eda Lorca\u00a0 Domingo 25 de febrero &#8211; 12:30 Centro Federico Garc\u00eda Lorca\u00a0 Loving Vincent (90 min, Polonia-Reino Unido. 2017) Direcci\u00f3n: Dorota Kobiela, Hugh Welchman Guion: Dorota Kobiela, Hugh Welchman, Jacek Dehnel M\u00fasica: Clint Mansell Reparto: &hellip; <a href=\"https:\/\/www.filmfest-granada.com\/2018\/febrero-2018\/\" class=\"more-link\">Continue reading <span class=\"screen-reader-text\">FEBRERO 2018<\/span><\/a><\/p>\n","protected":false},"author":1,"featured_media":0,"parent":0,"menu_order":0,"comment_status":"closed","ping_status":"closed","template":"","meta":{"footnotes":""},"class_list":["post-659","page","type-page","status-publish","hentry"],"_links":{"self":[{"href":"https:\/\/www.filmfest-granada.com\/2018\/wp-json\/wp\/v2\/pages\/659","targetHints":{"allow":["GET"]}}],"collection":[{"href":"https:\/\/www.filmfest-granada.com\/2018\/wp-json\/wp\/v2\/pages"}],"about":[{"href":"https:\/\/www.filmfest-granada.com\/2018\/wp-json\/wp\/v2\/types\/page"}],"author":[{"embeddable":true,"href":"https:\/\/www.filmfest-granada.com\/2018\/wp-json\/wp\/v2\/users\/1"}],"replies":[{"embeddable":true,"href":"https:\/\/www.filmfest-granada.com\/2018\/wp-json\/wp\/v2\/comments?post=659"}],"version-history":[{"count":0,"href":"https:\/\/www.filmfest-granada.com\/2018\/wp-json\/wp\/v2\/pages\/659\/revisions"}],"wp:attachment":[{"href":"https:\/\/www.filmfest-granada.com\/2018\/wp-json\/wp\/v2\/media?parent=659"}],"curies":[{"name":"wp","href":"https:\/\/api.w.org\/{rel}","templated":true}]}}