{"id":809,"date":"2018-04-01T20:06:03","date_gmt":"2018-04-01T20:06:03","guid":{"rendered":"http:\/\/localhost\/wordpress_FIJR_2018\/?page_id=809"},"modified":"2018-04-01T20:06:03","modified_gmt":"2018-04-01T20:06:03","slug":"formacion-fijr-2018","status":"publish","type":"page","link":"https:\/\/www.filmfest-granada.com\/2018\/formacion-fijr-2018\/","title":{"rendered":"FORMACI\u00d3N"},"content":{"rendered":"<p><img fetchpriority=\"high\" decoding=\"async\" class=\"alignnone size-large wp-image-912\" src=\"https:\/\/www.filmfest-granada.com\/2018\/wp-content\/uploads\/sites\/2\/2018\/04\/taller2-2-1024x576.jpg\" alt=\"\" width=\"740\" height=\"416\" srcset=\"https:\/\/www.filmfest-granada.com\/2018\/wp-content\/uploads\/sites\/2\/2018\/04\/taller2-2-1024x576.jpg 1024w, https:\/\/www.filmfest-granada.com\/2018\/wp-content\/uploads\/sites\/2\/2018\/04\/taller2-2-300x169.jpg 300w, https:\/\/www.filmfest-granada.com\/2018\/wp-content\/uploads\/sites\/2\/2018\/04\/taller2-2-768x432.jpg 768w, https:\/\/www.filmfest-granada.com\/2018\/wp-content\/uploads\/sites\/2\/2018\/04\/taller2-2-2000x1125.jpg 2000w\" sizes=\"(max-width: 740px) 100vw, 740px\" \/><\/p>\n<h5 style=\"text-align: center\"><a href=\"http:\/\/localhost\/wordpress_FIJR_2018\/master-class-de-guion-fijr-2018\/\" target=\"_blank\" rel=\"noopener\">M\u00e1s informaci\u00f3n en el siguiente enlace<\/a><\/h5>\n<p><img decoding=\"async\" class=\"alignnone size-large wp-image-875\" src=\"https:\/\/www.filmfest-granada.com\/2018\/wp-content\/uploads\/sites\/2\/2018\/04\/taller-1-1024x665.jpg\" alt=\"\" width=\"740\" height=\"481\" srcset=\"https:\/\/www.filmfest-granada.com\/2018\/wp-content\/uploads\/sites\/2\/2018\/04\/taller-1-1024x665.jpg 1024w, https:\/\/www.filmfest-granada.com\/2018\/wp-content\/uploads\/sites\/2\/2018\/04\/taller-1-300x195.jpg 300w, https:\/\/www.filmfest-granada.com\/2018\/wp-content\/uploads\/sites\/2\/2018\/04\/taller-1-768x499.jpg 768w, https:\/\/www.filmfest-granada.com\/2018\/wp-content\/uploads\/sites\/2\/2018\/04\/taller-1-2000x1299.jpg 2000w\" sizes=\"(max-width: 740px) 100vw, 740px\" \/><\/p>\n<h5 style=\"text-align: center\"><a href=\"http:\/\/localhost\/wordpress_FIJR_2018\/master-class-y-taller-de-animacion-povera\/\" target=\"_blank\" rel=\"noopener\">M\u00e1s informaci\u00f3n en el siguiente enlace<\/a><\/h5>\n","protected":false},"excerpt":{"rendered":"<p>M\u00e1s informaci\u00f3n en el siguiente enlace M\u00e1s informaci\u00f3n en el siguiente enlace<\/p>\n","protected":false},"author":1,"featured_media":0,"parent":0,"menu_order":0,"comment_status":"closed","ping_status":"closed","template":"","meta":{"footnotes":""},"class_list":["post-809","page","type-page","status-publish","hentry"],"_links":{"self":[{"href":"https:\/\/www.filmfest-granada.com\/2018\/wp-json\/wp\/v2\/pages\/809","targetHints":{"allow":["GET"]}}],"collection":[{"href":"https:\/\/www.filmfest-granada.com\/2018\/wp-json\/wp\/v2\/pages"}],"about":[{"href":"https:\/\/www.filmfest-granada.com\/2018\/wp-json\/wp\/v2\/types\/page"}],"author":[{"embeddable":true,"href":"https:\/\/www.filmfest-granada.com\/2018\/wp-json\/wp\/v2\/users\/1"}],"replies":[{"embeddable":true,"href":"https:\/\/www.filmfest-granada.com\/2018\/wp-json\/wp\/v2\/comments?post=809"}],"version-history":[{"count":0,"href":"https:\/\/www.filmfest-granada.com\/2018\/wp-json\/wp\/v2\/pages\/809\/revisions"}],"wp:attachment":[{"href":"https:\/\/www.filmfest-granada.com\/2018\/wp-json\/wp\/v2\/media?parent=809"}],"curies":[{"name":"wp","href":"https:\/\/api.w.org\/{rel}","templated":true}]}}