{"id":103,"date":"2021-09-30T20:32:29","date_gmt":"2021-09-30T18:32:29","guid":{"rendered":"https:\/\/www.filmfest-granada.com\/2021\/?page_id=103"},"modified":"2021-10-19T08:40:59","modified_gmt":"2021-10-19T06:40:59","slug":"transitos","status":"publish","type":"page","link":"https:\/\/www.filmfest-granada.com\/2021\/transitos\/","title":{"rendered":"Tr\u00e1nsitos"},"content":{"rendered":"\t\t<div data-elementor-type=\"wp-page\" data-elementor-id=\"103\" class=\"elementor elementor-103\" data-elementor-post-type=\"page\">\n\t\t\t\t\t\t<section class=\"elementor-section elementor-top-section elementor-element elementor-element-44cbc1d elementor-section-boxed elementor-section-height-default elementor-section-height-default\" data-id=\"44cbc1d\" data-element_type=\"section\">\n\t\t\t\t\t\t<div class=\"elementor-container elementor-column-gap-default\">\n\t\t\t\t\t<div class=\"elementor-column elementor-col-100 elementor-top-column elementor-element elementor-element-79d2a59\" data-id=\"79d2a59\" data-element_type=\"column\">\n\t\t\t<div class=\"elementor-widget-wrap elementor-element-populated\">\n\t\t\t\t\t\t<div class=\"elementor-element elementor-element-543ad8d elementor-widget elementor-widget-heading\" data-id=\"543ad8d\" data-element_type=\"widget\" data-widget_type=\"heading.default\">\n\t\t\t\t<div class=\"elementor-widget-container\">\n\t\t\t\t\t<h1 class=\"elementor-heading-title elementor-size-xl\">TR\u00c1NSITOS<\/h1>\t\t\t\t<\/div>\n\t\t\t\t<\/div>\n\t\t\t\t\t<\/div>\n\t\t<\/div>\n\t\t\t\t\t<\/div>\n\t\t<\/section>\n\t\t\t\t<section class=\"elementor-section elementor-top-section elementor-element elementor-element-fc41936 elementor-section-boxed elementor-section-height-default elementor-section-height-default\" data-id=\"fc41936\" data-element_type=\"section\">\n\t\t\t\t\t\t<div class=\"elementor-container elementor-column-gap-default\">\n\t\t\t\t\t<div class=\"elementor-column elementor-col-100 elementor-top-column elementor-element elementor-element-3642f7d\" data-id=\"3642f7d\" data-element_type=\"column\">\n\t\t\t<div class=\"elementor-widget-wrap elementor-element-populated\">\n\t\t\t\t\t\t<div class=\"elementor-element elementor-element-d86b1e2 elementor-widget elementor-widget-text-editor\" data-id=\"d86b1e2\" data-element_type=\"widget\" data-widget_type=\"text-editor.default\">\n\t\t\t\t<div class=\"elementor-widget-container\">\n\t\t\t\t\t\t\t\t\t<p><span style=\"font-weight: 400\">Jornadas sobre pedagog\u00eda cinematogr\u00e1fica, migraci\u00f3n e integraci\u00f3n social promovidas por la <\/span><b>Fundaci\u00f3n Euro\u00e1rabe<\/b><span style=\"font-weight: 400\">, con proyecciones y mesas redondas a cargo de sus realizadores y protagonistas. Un espacio que propone intercambios de procesos y pr\u00e1cticas.<\/span><\/p>\t\t\t\t\t\t\t\t<\/div>\n\t\t\t\t<\/div>\n\t\t\t\t\t<\/div>\n\t\t<\/div>\n\t\t\t\t\t<\/div>\n\t\t<\/section>\n\t\t\t\t<section class=\"elementor-section elementor-top-section elementor-element elementor-element-4095ecb elementor-section-boxed elementor-section-height-default elementor-section-height-default\" data-id=\"4095ecb\" data-element_type=\"section\">\n\t\t\t\t\t\t<div class=\"elementor-container elementor-column-gap-default\">\n\t\t\t\t\t<div class=\"elementor-column elementor-col-100 elementor-top-column elementor-element elementor-element-86cd471\" data-id=\"86cd471\" data-element_type=\"column\">\n\t\t\t<div class=\"elementor-widget-wrap elementor-element-populated\">\n\t\t\t\t\t\t<div class=\"elementor-element elementor-element-5982e93 program-title elementor-widget elementor-widget-heading\" data-id=\"5982e93\" data-element_type=\"widget\" data-widget_type=\"heading.default\">\n\t\t\t\t<div class=\"elementor-widget-container\">\n\t\t\t\t\t<h2 class=\"elementor-heading-title elementor-size-default\">JUEVES 21 OCTUBRE<\/h2>\t\t\t\t<\/div>\n\t\t\t\t<\/div>\n\t\t\t\t\t<\/div>\n\t\t<\/div>\n\t\t\t\t\t<\/div>\n\t\t<\/section>\n\t\t\t\t<section class=\"elementor-section elementor-top-section elementor-element elementor-element-2488eac elementor-section-boxed elementor-section-height-default elementor-section-height-default\" data-id=\"2488eac\" data-element_type=\"section\">\n\t\t\t\t\t\t<div class=\"elementor-container elementor-column-gap-default\">\n\t\t\t\t\t<div class=\"elementor-column elementor-col-50 elementor-top-column elementor-element elementor-element-4265162\" data-id=\"4265162\" data-element_type=\"column\">\n\t\t\t<div class=\"elementor-widget-wrap elementor-element-populated\">\n\t\t\t\t\t\t<div class=\"elementor-element elementor-element-80f897c elementor-widget elementor-widget-image\" data-id=\"80f897c\" data-element_type=\"widget\" data-widget_type=\"image.default\">\n\t\t\t\t<div class=\"elementor-widget-container\">\n\t\t\t\t\t\t\t\t\t\t\t\t\t\t\t<img fetchpriority=\"high\" decoding=\"async\" width=\"1200\" height=\"750\" src=\"https:\/\/www.filmfest-granada.com\/2021\/wp-content\/uploads\/sites\/10\/2021\/10\/PROFECIA.jpeg\" class=\"attachment-full size-full wp-image-1018\" alt=\"\" srcset=\"https:\/\/www.filmfest-granada.com\/2021\/wp-content\/uploads\/sites\/10\/2021\/10\/PROFECIA.jpeg 1200w, https:\/\/www.filmfest-granada.com\/2021\/wp-content\/uploads\/sites\/10\/2021\/10\/PROFECIA-300x188.jpeg 300w, https:\/\/www.filmfest-granada.com\/2021\/wp-content\/uploads\/sites\/10\/2021\/10\/PROFECIA-1024x640.jpeg 1024w, https:\/\/www.filmfest-granada.com\/2021\/wp-content\/uploads\/sites\/10\/2021\/10\/PROFECIA-768x480.jpeg 768w\" sizes=\"(max-width: 1200px) 100vw, 1200px\" \/>\t\t\t\t\t\t\t\t\t\t\t\t\t\t\t<\/div>\n\t\t\t\t<\/div>\n\t\t\t\t\t<\/div>\n\t\t<\/div>\n\t\t\t\t<div class=\"elementor-column elementor-col-50 elementor-top-column elementor-element elementor-element-7866e37\" data-id=\"7866e37\" data-element_type=\"column\">\n\t\t\t<div class=\"elementor-widget-wrap elementor-element-populated\">\n\t\t\t\t\t\t<div class=\"elementor-element elementor-element-7a85750 elementor-widget elementor-widget-heading\" data-id=\"7a85750\" data-element_type=\"widget\" data-widget_type=\"heading.default\">\n\t\t\t\t<div class=\"elementor-widget-container\">\n\t\t\t\t\t<h2 class=\"elementor-heading-title elementor-size-default\">19:00 - Fundaci\u00f3n Euro\u00e1rabe<\/h2>\t\t\t\t<\/div>\n\t\t\t\t<\/div>\n\t\t\t\t<div class=\"elementor-element elementor-element-0414400 elementor-widget elementor-widget-heading\" data-id=\"0414400\" data-element_type=\"widget\" data-widget_type=\"heading.default\">\n\t\t\t\t<div class=\"elementor-widget-container\">\n\t\t\t\t\t<h2 class=\"elementor-heading-title elementor-size-medium\">Profec\u00eda<\/h2>\t\t\t\t<\/div>\n\t\t\t\t<\/div>\n\t\t\t\t<div class=\"elementor-element elementor-element-99f72c2 elementor-widget elementor-widget-heading\" data-id=\"99f72c2\" data-element_type=\"widget\" data-widget_type=\"heading.default\">\n\t\t\t\t<div class=\"elementor-widget-container\">\n\t\t\t\t\t<div class=\"elementor-heading-title elementor-size-default\">Julieta Juncadella | Espa\u00f1a | 2021 | 12\u2019<\/div>\t\t\t\t<\/div>\n\t\t\t\t<\/div>\n\t\t\t\t<div class=\"elementor-element elementor-element-6cc2ae8 elementor-widget elementor-widget-heading\" data-id=\"6cc2ae8\" data-element_type=\"widget\" data-widget_type=\"heading.default\">\n\t\t\t\t<div class=\"elementor-widget-container\">\n\t\t\t\t\t<div class=\"elementor-heading-title elementor-size-default\">Rodada por alumnos de la El\u00edas Querejeta Zine Eskola de San Sebasti\u00e1n, cont\u00f3 con la participaci\u00f3n en el reparto y en el gui\u00f3n de menores extranjeros no acompa\u00f1ados. Tres amigos marroqu\u00edes que viajan a una isla en busca de un lugar. All\u00ed se refugian en un viejo faro casi deshabitado. \u201c\u00bfQui\u00e9n hubiera pensado que llegar\u00edamos hasta aqu\u00ed?\u201d<\/div>\t\t\t\t<\/div>\n\t\t\t\t<\/div>\n\t\t\t\t\t<\/div>\n\t\t<\/div>\n\t\t\t\t\t<\/div>\n\t\t<\/section>\n\t\t\t\t<section class=\"elementor-section elementor-top-section elementor-element elementor-element-4687728 elementor-section-boxed elementor-section-height-default elementor-section-height-default\" data-id=\"4687728\" data-element_type=\"section\">\n\t\t\t\t\t\t<div class=\"elementor-container elementor-column-gap-default\">\n\t\t\t\t\t<div class=\"elementor-column elementor-col-100 elementor-top-column elementor-element elementor-element-61e4687\" data-id=\"61e4687\" data-element_type=\"column\">\n\t\t\t<div class=\"elementor-widget-wrap elementor-element-populated\">\n\t\t\t\t\t\t<div class=\"elementor-element elementor-element-2dffe81 program-title elementor-widget elementor-widget-heading\" data-id=\"2dffe81\" data-element_type=\"widget\" data-widget_type=\"heading.default\">\n\t\t\t\t<div class=\"elementor-widget-container\">\n\t\t\t\t\t<h2 class=\"elementor-heading-title elementor-size-default\">VIERNES 22 OCTUBRE<\/h2>\t\t\t\t<\/div>\n\t\t\t\t<\/div>\n\t\t\t\t\t<\/div>\n\t\t<\/div>\n\t\t\t\t\t<\/div>\n\t\t<\/section>\n\t\t\t\t<section class=\"elementor-section elementor-top-section elementor-element elementor-element-98458a2 elementor-section-boxed elementor-section-height-default elementor-section-height-default\" data-id=\"98458a2\" data-element_type=\"section\">\n\t\t\t\t\t\t<div class=\"elementor-container elementor-column-gap-default\">\n\t\t\t\t\t<div class=\"elementor-column elementor-col-50 elementor-top-column elementor-element elementor-element-5bac9bb\" data-id=\"5bac9bb\" data-element_type=\"column\">\n\t\t\t<div class=\"elementor-widget-wrap elementor-element-populated\">\n\t\t\t\t\t\t<div class=\"elementor-element elementor-element-e748ee4 elementor-widget elementor-widget-image\" data-id=\"e748ee4\" data-element_type=\"widget\" data-widget_type=\"image.default\">\n\t\t\t\t<div class=\"elementor-widget-container\">\n\t\t\t\t\t\t\t\t\t\t\t\t\t\t\t<img decoding=\"async\" width=\"1280\" height=\"720\" src=\"https:\/\/www.filmfest-granada.com\/2021\/wp-content\/uploads\/sites\/10\/2021\/10\/LOS-DIAS-QUE-NO-OLVIDAREMOS.jpeg\" class=\"attachment-full size-full wp-image-1019\" alt=\"\" srcset=\"https:\/\/www.filmfest-granada.com\/2021\/wp-content\/uploads\/sites\/10\/2021\/10\/LOS-DIAS-QUE-NO-OLVIDAREMOS.jpeg 1280w, https:\/\/www.filmfest-granada.com\/2021\/wp-content\/uploads\/sites\/10\/2021\/10\/LOS-DIAS-QUE-NO-OLVIDAREMOS-300x169.jpeg 300w, https:\/\/www.filmfest-granada.com\/2021\/wp-content\/uploads\/sites\/10\/2021\/10\/LOS-DIAS-QUE-NO-OLVIDAREMOS-1024x576.jpeg 1024w, https:\/\/www.filmfest-granada.com\/2021\/wp-content\/uploads\/sites\/10\/2021\/10\/LOS-DIAS-QUE-NO-OLVIDAREMOS-768x432.jpeg 768w\" sizes=\"(max-width: 1280px) 100vw, 1280px\" \/>\t\t\t\t\t\t\t\t\t\t\t\t\t\t\t<\/div>\n\t\t\t\t<\/div>\n\t\t\t\t\t<\/div>\n\t\t<\/div>\n\t\t\t\t<div class=\"elementor-column elementor-col-50 elementor-top-column elementor-element elementor-element-5d2dc7c\" data-id=\"5d2dc7c\" data-element_type=\"column\">\n\t\t\t<div class=\"elementor-widget-wrap elementor-element-populated\">\n\t\t\t\t\t\t<div class=\"elementor-element elementor-element-550295d elementor-widget elementor-widget-heading\" data-id=\"550295d\" data-element_type=\"widget\" data-widget_type=\"heading.default\">\n\t\t\t\t<div class=\"elementor-widget-container\">\n\t\t\t\t\t<h2 class=\"elementor-heading-title elementor-size-default\">13:00 - Fundaci\u00f3n Euro\u00e1rabe<\/h2>\t\t\t\t<\/div>\n\t\t\t\t<\/div>\n\t\t\t\t<div class=\"elementor-element elementor-element-2dff4e4 elementor-widget elementor-widget-heading\" data-id=\"2dff4e4\" data-element_type=\"widget\" data-widget_type=\"heading.default\">\n\t\t\t\t<div class=\"elementor-widget-container\">\n\t\t\t\t\t<h2 class=\"elementor-heading-title elementor-size-medium\">Los d\u00edas que no olvidaremos<\/h2>\t\t\t\t<\/div>\n\t\t\t\t<\/div>\n\t\t\t\t<div class=\"elementor-element elementor-element-e2b0cf3 elementor-widget elementor-widget-heading\" data-id=\"e2b0cf3\" data-element_type=\"widget\" data-widget_type=\"heading.default\">\n\t\t\t\t<div class=\"elementor-widget-container\">\n\t\t\t\t\t<div class=\"elementor-heading-title elementor-size-default\">VVAA | Espa\u00f1a | 2021 | 24\u2019<\/div>\t\t\t\t<\/div>\n\t\t\t\t<\/div>\n\t\t\t\t<div class=\"elementor-element elementor-element-00a7b79 elementor-widget elementor-widget-heading\" data-id=\"00a7b79\" data-element_type=\"widget\" data-widget_type=\"heading.default\">\n\t\t\t\t<div class=\"elementor-widget-container\">\n\t\t\t\t\t<div class=\"elementor-heading-title elementor-size-default\">Pel\u00edcula colectiva realizada en el marco de Cine en curso por Ayoub Aichaoui, Sanna Bojang, El Mahdi Boumaiz, Mamadou Boye Barry, Dramane Diallo, Henry Gbotsyo Nartey, Abdourahman Jallow, Malang Kamaso, Aziz Kharbach, Dana Mayi, Mbaye Ndiaye, Fally Saine, Ebrima Sowe y Omar Sissoko. Un grupo de j\u00f3venes de entre 15 y 20 a\u00f1os migrados solos desde Gambia, Senegal, Marruecos, Ghana y Guinea.\n\nDicen sus autores: \u201cNo es s\u00f3lo una pel\u00edcula; es nuestra historia y la de muchas otras personas antes y despu\u00e9s de nosotros. Mohammed ha viajado a Europa desde \u00c1frica porque tiene un sue\u00f1o. Pero no sabe c\u00f3mo funcionan las cosas aqu\u00ed, no entiende la lengua, no conoce a nadie y la familia est\u00e1 muy lejos. Son d\u00edas que no olvidaremos.\u201d<\/div>\t\t\t\t<\/div>\n\t\t\t\t<\/div>\n\t\t\t\t\t<\/div>\n\t\t<\/div>\n\t\t\t\t\t<\/div>\n\t\t<\/section>\n\t\t\t\t<section class=\"elementor-section elementor-top-section elementor-element elementor-element-9028d4c elementor-section-boxed elementor-section-height-default elementor-section-height-default\" data-id=\"9028d4c\" data-element_type=\"section\">\n\t\t\t\t\t\t<div class=\"elementor-container elementor-column-gap-default\">\n\t\t\t\t\t<div class=\"elementor-column elementor-col-100 elementor-top-column elementor-element elementor-element-77693bf\" data-id=\"77693bf\" data-element_type=\"column\">\n\t\t\t<div class=\"elementor-widget-wrap elementor-element-populated\">\n\t\t\t\t\t\t<div class=\"elementor-element elementor-element-c8a5f05 elementor-widget elementor-widget-text-editor\" data-id=\"c8a5f05\" data-element_type=\"widget\" data-widget_type=\"text-editor.default\">\n\t\t\t\t<div class=\"elementor-widget-container\">\n\t\t\t\t\t\t\t\t\t<p style=\"text-align: right\"><strong>Entrada libre hasta completar aforo<\/strong><\/p>\t\t\t\t\t\t\t\t<\/div>\n\t\t\t\t<\/div>\n\t\t\t\t\t<\/div>\n\t\t<\/div>\n\t\t\t\t\t<\/div>\n\t\t<\/section>\n\t\t\t\t<\/div>\n\t\t","protected":false},"excerpt":{"rendered":"<p>TR\u00c1NSITOS Jornadas sobre pedagog\u00eda cinematogr\u00e1fica, migraci\u00f3n e integraci\u00f3n social promovidas por la Fundaci\u00f3n Euro\u00e1rabe, con proyecciones y mesas redondas a cargo de sus realizadores y protagonistas. Un espacio que propone intercambios de procesos y pr\u00e1cticas. JUEVES 21 OCTUBRE 19:00 &#8211; Fundaci\u00f3n Euro\u00e1rabe Profec\u00eda Julieta Juncadella | Espa\u00f1a | 2021 | 12\u2019 Rodada por alumnos de &#8230; <a title=\"Tr\u00e1nsitos\" class=\"read-more\" href=\"https:\/\/www.filmfest-granada.com\/2021\/transitos\/\" aria-label=\"Leer m\u00e1s sobre Tr\u00e1nsitos\">Leer m\u00e1s<\/a><\/p>\n","protected":false},"author":1167,"featured_media":0,"parent":0,"menu_order":0,"comment_status":"closed","ping_status":"closed","template":"elementor_header_footer","meta":{"footnotes":""},"class_list":["post-103","page","type-page","status-publish"],"aioseo_notices":[],"_links":{"self":[{"href":"https:\/\/www.filmfest-granada.com\/2021\/wp-json\/wp\/v2\/pages\/103","targetHints":{"allow":["GET"]}}],"collection":[{"href":"https:\/\/www.filmfest-granada.com\/2021\/wp-json\/wp\/v2\/pages"}],"about":[{"href":"https:\/\/www.filmfest-granada.com\/2021\/wp-json\/wp\/v2\/types\/page"}],"author":[{"embeddable":true,"href":"https:\/\/www.filmfest-granada.com\/2021\/wp-json\/wp\/v2\/users\/1167"}],"replies":[{"embeddable":true,"href":"https:\/\/www.filmfest-granada.com\/2021\/wp-json\/wp\/v2\/comments?post=103"}],"version-history":[{"count":32,"href":"https:\/\/www.filmfest-granada.com\/2021\/wp-json\/wp\/v2\/pages\/103\/revisions"}],"predecessor-version":[{"id":1344,"href":"https:\/\/www.filmfest-granada.com\/2021\/wp-json\/wp\/v2\/pages\/103\/revisions\/1344"}],"wp:attachment":[{"href":"https:\/\/www.filmfest-granada.com\/2021\/wp-json\/wp\/v2\/media?parent=103"}],"curies":[{"name":"wp","href":"https:\/\/api.w.org\/{rel}","templated":true}]}}