{"id":2509,"date":"2022-10-09T23:04:14","date_gmt":"2022-10-09T21:04:14","guid":{"rendered":"https:\/\/www.filmfest-granada.com\/2022\/?page_id=2509"},"modified":"2022-10-20T18:25:55","modified_gmt":"2022-10-20T16:25:55","slug":"del-cine-al-podcast","status":"publish","type":"page","link":"https:\/\/www.filmfest-granada.com\/2022\/del-cine-al-podcast\/","title":{"rendered":"Del cine al podcast"},"content":{"rendered":"\t\t<div data-elementor-type=\"wp-page\" data-elementor-id=\"2509\" class=\"elementor elementor-2509\" data-elementor-post-type=\"page\">\n\t\t\t\t\t\t<section class=\"elementor-section elementor-top-section elementor-element elementor-element-b1475a6 elementor-section-boxed elementor-section-height-default elementor-section-height-default\" data-id=\"b1475a6\" data-element_type=\"section\">\n\t\t\t\t\t\t<div class=\"elementor-container elementor-column-gap-default\">\n\t\t\t\t\t<div class=\"elementor-column elementor-col-100 elementor-top-column elementor-element elementor-element-a2327cb\" data-id=\"a2327cb\" data-element_type=\"column\">\n\t\t\t<div class=\"elementor-widget-wrap elementor-element-populated\">\n\t\t\t\t\t\t<div class=\"elementor-element elementor-element-c28d2a4 elementor-widget elementor-widget-heading\" data-id=\"c28d2a4\" data-element_type=\"widget\" data-widget_type=\"heading.default\">\n\t\t\t\t<div class=\"elementor-widget-container\">\n\t\t\t\t\t<h1 class=\"elementor-heading-title elementor-size-xl\">DEL CINE AL PODCAST<\/h1>\t\t\t\t<\/div>\n\t\t\t\t<\/div>\n\t\t\t\t\t<\/div>\n\t\t<\/div>\n\t\t\t\t\t<\/div>\n\t\t<\/section>\n\t\t\t\t<section class=\"elementor-section elementor-top-section elementor-element elementor-element-57fd0fe elementor-section-boxed elementor-section-height-default elementor-section-height-default\" data-id=\"57fd0fe\" data-element_type=\"section\">\n\t\t\t\t\t\t<div class=\"elementor-container elementor-column-gap-default\">\n\t\t\t\t\t<div class=\"elementor-column elementor-col-100 elementor-top-column elementor-element elementor-element-98709c4\" data-id=\"98709c4\" data-element_type=\"column\">\n\t\t\t<div class=\"elementor-widget-wrap elementor-element-populated\">\n\t\t\t\t\t\t<div class=\"elementor-element elementor-element-3bf738f elementor-widget elementor-widget-heading\" data-id=\"3bf738f\" data-element_type=\"widget\" data-widget_type=\"heading.default\">\n\t\t\t\t<div class=\"elementor-widget-container\">\n\t\t\t\t\t<h2 class=\"elementor-heading-title elementor-size-default\">Acostumbrados a la superioridad visual, de un tiempo a esta parte el sonido parece haberse escindido de la imagen. A las aplicaciones de m\u00fasica, las notas de voz y la traducci\u00f3n sonora de libros y peri\u00f3dicos, se suman los podcasts. El audio reclama su espacio y toca escucharlo.\n<\/h2>\t\t\t\t<\/div>\n\t\t\t\t<\/div>\n\t\t\t\t<div class=\"elementor-element elementor-element-9663b28 elementor-widget elementor-widget-heading\" data-id=\"9663b28\" data-element_type=\"widget\" data-widget_type=\"heading.default\">\n\t\t\t\t<div class=\"elementor-widget-container\">\n\t\t\t\t\t<h2 class=\"elementor-heading-title elementor-size-default\">Jornadas de reflexi\u00f3n y di\u00e1logo alrededor del podcast, con clases magistrales, presentaciones y coloquios.<\/h2>\t\t\t\t<\/div>\n\t\t\t\t<\/div>\n\t\t\t\t\t<\/div>\n\t\t<\/div>\n\t\t\t\t\t<\/div>\n\t\t<\/section>\n\t\t\t\t<section class=\"elementor-section elementor-top-section elementor-element elementor-element-36e3dcf elementor-section-boxed elementor-section-height-default elementor-section-height-default\" data-id=\"36e3dcf\" data-element_type=\"section\">\n\t\t\t\t\t\t<div class=\"elementor-container elementor-column-gap-default\">\n\t\t\t\t\t<div class=\"elementor-column elementor-col-100 elementor-top-column elementor-element elementor-element-92e8ec3\" data-id=\"92e8ec3\" data-element_type=\"column\">\n\t\t\t<div class=\"elementor-widget-wrap elementor-element-populated\">\n\t\t\t\t\t\t<div class=\"elementor-element elementor-element-d9aa39d elementor-widget elementor-widget-heading\" data-id=\"d9aa39d\" data-element_type=\"widget\" data-widget_type=\"heading.default\">\n\t\t\t\t<div class=\"elementor-widget-container\">\n\t\t\t\t\t<h2 class=\"elementor-heading-title elementor-size-default\">MI\u00c9RCOLES 26 <\/h2>\t\t\t\t<\/div>\n\t\t\t\t<\/div>\n\t\t\t\t\t<\/div>\n\t\t<\/div>\n\t\t\t\t\t<\/div>\n\t\t<\/section>\n\t\t\t\t<section class=\"elementor-section elementor-top-section elementor-element elementor-element-8162012 elementor-section-boxed elementor-section-height-default elementor-section-height-default\" data-id=\"8162012\" data-element_type=\"section\">\n\t\t\t\t\t\t<div class=\"elementor-container elementor-column-gap-default\">\n\t\t\t\t\t<div class=\"elementor-column elementor-col-50 elementor-top-column elementor-element elementor-element-2326401\" data-id=\"2326401\" data-element_type=\"column\">\n\t\t\t<div class=\"elementor-widget-wrap elementor-element-populated\">\n\t\t\t\t\t\t<div class=\"elementor-element elementor-element-2f91edf elementor-widget elementor-widget-image\" data-id=\"2f91edf\" data-element_type=\"widget\" data-widget_type=\"image.default\">\n\t\t\t\t<div class=\"elementor-widget-container\">\n\t\t\t\t\t\t\t\t\t\t\t\t\t\t\t<img fetchpriority=\"high\" decoding=\"async\" width=\"2000\" height=\"1979\" src=\"https:\/\/www.filmfest-granada.com\/2022\/wp-content\/uploads\/sites\/11\/2022\/10\/Manuel-Bartual-2021-6.jpeg\" class=\"attachment-full size-full wp-image-2502\" alt=\"\" srcset=\"https:\/\/www.filmfest-granada.com\/2022\/wp-content\/uploads\/sites\/11\/2022\/10\/Manuel-Bartual-2021-6.jpeg 2000w, https:\/\/www.filmfest-granada.com\/2022\/wp-content\/uploads\/sites\/11\/2022\/10\/Manuel-Bartual-2021-6-300x297.jpeg 300w, https:\/\/www.filmfest-granada.com\/2022\/wp-content\/uploads\/sites\/11\/2022\/10\/Manuel-Bartual-2021-6-1024x1013.jpeg 1024w, https:\/\/www.filmfest-granada.com\/2022\/wp-content\/uploads\/sites\/11\/2022\/10\/Manuel-Bartual-2021-6-768x760.jpeg 768w, https:\/\/www.filmfest-granada.com\/2022\/wp-content\/uploads\/sites\/11\/2022\/10\/Manuel-Bartual-2021-6-1536x1520.jpeg 1536w\" sizes=\"(max-width: 2000px) 100vw, 2000px\" \/>\t\t\t\t\t\t\t\t\t\t\t\t\t\t\t<\/div>\n\t\t\t\t<\/div>\n\t\t\t\t\t<\/div>\n\t\t<\/div>\n\t\t\t\t<div class=\"elementor-column elementor-col-50 elementor-top-column elementor-element elementor-element-fde6977\" data-id=\"fde6977\" data-element_type=\"column\">\n\t\t\t<div class=\"elementor-widget-wrap elementor-element-populated\">\n\t\t\t\t\t\t<div class=\"elementor-element elementor-element-d147b71 elementor-widget elementor-widget-heading\" data-id=\"d147b71\" data-element_type=\"widget\" data-widget_type=\"heading.default\">\n\t\t\t\t<div class=\"elementor-widget-container\">\n\t\t\t\t\t<h2 class=\"elementor-heading-title elementor-size-default\">12:30 - Facultad de Comunicaci\u00f3n y Documentaci\u00f3n<\/h2>\t\t\t\t<\/div>\n\t\t\t\t<\/div>\n\t\t\t\t<div class=\"elementor-element elementor-element-94ae4c2 elementor-widget elementor-widget-heading\" data-id=\"94ae4c2\" data-element_type=\"widget\" data-widget_type=\"heading.default\">\n\t\t\t\t<div class=\"elementor-widget-container\">\n\t\t\t\t\t<div class=\"elementor-heading-title elementor-size-default\">CLASE MAGISTRAL<\/div>\t\t\t\t<\/div>\n\t\t\t\t<\/div>\n\t\t\t\t<div class=\"elementor-element elementor-element-2fb0fb4 elementor-widget elementor-widget-heading\" data-id=\"2fb0fb4\" data-element_type=\"widget\" data-widget_type=\"heading.default\">\n\t\t\t\t<div class=\"elementor-widget-container\">\n\t\t\t\t\t<h3 class=\"elementor-heading-title elementor-size-medium\">la ficci\u00f3n sonora y sus posibilidades<\/h3>\t\t\t\t<\/div>\n\t\t\t\t<\/div>\n\t\t\t\t<div class=\"elementor-element elementor-element-a7a1eb4 elementor-widget elementor-widget-heading\" data-id=\"a7a1eb4\" data-element_type=\"widget\" data-widget_type=\"heading.default\">\n\t\t\t\t<div class=\"elementor-widget-container\">\n\t\t\t\t\t<div class=\"elementor-heading-title elementor-size-default\">POR MANUEL BARTUAL<\/div>\t\t\t\t<\/div>\n\t\t\t\t<\/div>\n\t\t\t\t<div class=\"elementor-element elementor-element-1884714 elementor-widget elementor-widget-heading\" data-id=\"1884714\" data-element_type=\"widget\" data-widget_type=\"heading.default\">\n\t\t\t\t<div class=\"elementor-widget-container\">\n\t\t\t\t\t<p class=\"elementor-heading-title elementor-size-default\">El auge en la producci\u00f3n y consumo de podcasts ha propiciado una nueva \u00e9poca para la ficci\u00f3n sonora, heredera de la radionovela y a medio camino entre la literatura y la televisi\u00f3n. A partir de sus podcasts (<b>Biotop\u00eda<\/b>, <b>Blum<\/b> y <b>Santuario<\/b>) Manuel Bartual analizar\u00e1 en esta charla el momento actual por el que pasa este formato y las posibilidades de estas historias escritas para ser escuchadas.<\/p>\t\t\t\t<\/div>\n\t\t\t\t<\/div>\n\t\t\t\t<div class=\"elementor-element elementor-element-d94cbc7 elementor-widget elementor-widget-heading\" data-id=\"d94cbc7\" data-element_type=\"widget\" data-widget_type=\"heading.default\">\n\t\t\t\t<div class=\"elementor-widget-container\">\n\t\t\t\t\t<p class=\"elementor-heading-title elementor-size-default\"><b>Manuel Bartual<\/b> es guionista. Ha dirigido una docena de cortometrajes y una pel\u00edcula, dibujado c\u00f3mics, escrito en El Pa\u00eds y en Twitter. Una de las historias que public\u00f3 en esta plataforma se convirti\u00f3 en trending topic mundial, llegando a ser le\u00edda por cientos de miles de personas. Tambi\u00e9n ha escrito la novela <i>El otro Manuel<\/i> y las series de ficci\u00f3n sonora <i>Biotop\u00eda<\/i> (Podium Podcast, 2020), <i>Santuario<\/i> (Audible, 2021) y <i>Blum<\/i> (El Extraordinario, 2022), estas dos \u00faltimas creadas y escritas junto a Carmen Pacheco. Con ella trabaja tambi\u00e9n en la adaptaci\u00f3n de <b>Santuario<\/b> para ATRESplayer PREMIUM que producir\u00e1 Pokeepsie Films, la productora de Carolina Bang y \u00c1lex de la Iglesia.<\/p>\t\t\t\t<\/div>\n\t\t\t\t<\/div>\n\t\t\t\t\t<\/div>\n\t\t<\/div>\n\t\t\t\t\t<\/div>\n\t\t<\/section>\n\t\t\t\t<section class=\"elementor-section elementor-top-section elementor-element elementor-element-a1cc7b5 elementor-section-boxed elementor-section-height-default elementor-section-height-default\" data-id=\"a1cc7b5\" data-element_type=\"section\">\n\t\t\t\t\t\t<div class=\"elementor-container elementor-column-gap-default\">\n\t\t\t\t\t<div class=\"elementor-column elementor-col-100 elementor-top-column elementor-element elementor-element-edb3454\" data-id=\"edb3454\" data-element_type=\"column\">\n\t\t\t<div class=\"elementor-widget-wrap elementor-element-populated\">\n\t\t\t\t\t\t<div class=\"elementor-element elementor-element-7e5ff77 elementor-widget elementor-widget-heading\" data-id=\"7e5ff77\" data-element_type=\"widget\" data-widget_type=\"heading.default\">\n\t\t\t\t<div class=\"elementor-widget-container\">\n\t\t\t\t\t<div class=\"elementor-heading-title elementor-size-default\">Entrada libre hasta completar aforo<\/div>\t\t\t\t<\/div>\n\t\t\t\t<\/div>\n\t\t\t\t\t<\/div>\n\t\t<\/div>\n\t\t\t\t\t<\/div>\n\t\t<\/section>\n\t\t\t\t<section class=\"elementor-section elementor-top-section elementor-element elementor-element-5270700 elementor-section-boxed elementor-section-height-default elementor-section-height-default\" data-id=\"5270700\" data-element_type=\"section\">\n\t\t\t\t\t\t<div class=\"elementor-container elementor-column-gap-default\">\n\t\t\t\t\t<div class=\"elementor-column elementor-col-100 elementor-top-column elementor-element elementor-element-bc31bca\" data-id=\"bc31bca\" data-element_type=\"column\">\n\t\t\t<div class=\"elementor-widget-wrap elementor-element-populated\">\n\t\t\t\t\t\t<div class=\"elementor-element elementor-element-67114b7 elementor-widget elementor-widget-heading\" data-id=\"67114b7\" data-element_type=\"widget\" data-widget_type=\"heading.default\">\n\t\t\t\t<div class=\"elementor-widget-container\">\n\t\t\t\t\t<h2 class=\"elementor-heading-title elementor-size-default\">JUEVES 27<\/h2>\t\t\t\t<\/div>\n\t\t\t\t<\/div>\n\t\t\t\t\t<\/div>\n\t\t<\/div>\n\t\t\t\t\t<\/div>\n\t\t<\/section>\n\t\t\t\t<section class=\"elementor-section elementor-top-section elementor-element elementor-element-5cf7ab0 elementor-section-boxed elementor-section-height-default elementor-section-height-default\" data-id=\"5cf7ab0\" data-element_type=\"section\">\n\t\t\t\t\t\t<div class=\"elementor-container elementor-column-gap-default\">\n\t\t\t\t\t<div class=\"elementor-column elementor-col-50 elementor-top-column elementor-element elementor-element-10ba2de\" data-id=\"10ba2de\" data-element_type=\"column\">\n\t\t\t<div class=\"elementor-widget-wrap elementor-element-populated\">\n\t\t\t\t\t\t<div class=\"elementor-element elementor-element-2fb792c elementor-widget elementor-widget-image\" data-id=\"2fb792c\" data-element_type=\"widget\" data-widget_type=\"image.default\">\n\t\t\t\t<div class=\"elementor-widget-container\">\n\t\t\t\t\t\t\t\t\t\t\t\t\t\t\t<img decoding=\"async\" width=\"800\" height=\"800\" src=\"https:\/\/www.filmfest-granada.com\/2022\/wp-content\/uploads\/sites\/11\/2022\/10\/1630347604455.jpeg\" class=\"attachment-full size-full wp-image-2578\" alt=\"\" srcset=\"https:\/\/www.filmfest-granada.com\/2022\/wp-content\/uploads\/sites\/11\/2022\/10\/1630347604455.jpeg 800w, https:\/\/www.filmfest-granada.com\/2022\/wp-content\/uploads\/sites\/11\/2022\/10\/1630347604455-300x300.jpeg 300w, https:\/\/www.filmfest-granada.com\/2022\/wp-content\/uploads\/sites\/11\/2022\/10\/1630347604455-150x150.jpeg 150w, https:\/\/www.filmfest-granada.com\/2022\/wp-content\/uploads\/sites\/11\/2022\/10\/1630347604455-768x768.jpeg 768w\" sizes=\"(max-width: 800px) 100vw, 800px\" \/>\t\t\t\t\t\t\t\t\t\t\t\t\t\t\t<\/div>\n\t\t\t\t<\/div>\n\t\t\t\t\t<\/div>\n\t\t<\/div>\n\t\t\t\t<div class=\"elementor-column elementor-col-50 elementor-top-column elementor-element elementor-element-0c95d76\" data-id=\"0c95d76\" data-element_type=\"column\">\n\t\t\t<div class=\"elementor-widget-wrap elementor-element-populated\">\n\t\t\t\t\t\t<div class=\"elementor-element elementor-element-40e2353 elementor-widget elementor-widget-heading\" data-id=\"40e2353\" data-element_type=\"widget\" data-widget_type=\"heading.default\">\n\t\t\t\t<div class=\"elementor-widget-container\">\n\t\t\t\t\t<h2 class=\"elementor-heading-title elementor-size-default\">10:00 - La Madraza<\/h2>\t\t\t\t<\/div>\n\t\t\t\t<\/div>\n\t\t\t\t<div class=\"elementor-element elementor-element-8250ee2 elementor-widget elementor-widget-heading\" data-id=\"8250ee2\" data-element_type=\"widget\" data-widget_type=\"heading.default\">\n\t\t\t\t<div class=\"elementor-widget-container\">\n\t\t\t\t\t<div class=\"elementor-heading-title elementor-size-default\">CLASE MAGISTRAL<\/div>\t\t\t\t<\/div>\n\t\t\t\t<\/div>\n\t\t\t\t<div class=\"elementor-element elementor-element-a76347c elementor-widget elementor-widget-heading\" data-id=\"a76347c\" data-element_type=\"widget\" data-widget_type=\"heading.default\">\n\t\t\t\t<div class=\"elementor-widget-container\">\n\t\t\t\t\t<h3 class=\"elementor-heading-title elementor-size-medium\">No te lo vas a creer, pero eso\ntambi\u00e9n puede ser un podcast<\/h3>\t\t\t\t<\/div>\n\t\t\t\t<\/div>\n\t\t\t\t<div class=\"elementor-element elementor-element-5b8ff9e elementor-widget elementor-widget-heading\" data-id=\"5b8ff9e\" data-element_type=\"widget\" data-widget_type=\"heading.default\">\n\t\t\t\t<div class=\"elementor-widget-container\">\n\t\t\t\t\t<div class=\"elementor-heading-title elementor-size-default\">POR andrea mor\u00e1n<\/div>\t\t\t\t<\/div>\n\t\t\t\t<\/div>\n\t\t\t\t<div class=\"elementor-element elementor-element-567f620 elementor-widget elementor-widget-heading\" data-id=\"567f620\" data-element_type=\"widget\" data-widget_type=\"heading.default\">\n\t\t\t\t<div class=\"elementor-widget-container\">\n\t\t\t\t\t<p class=\"elementor-heading-title elementor-size-default\">\u00bfBajo qu\u00e9 formas puede manifestarse un sonido? Puede ser una palabra, una r\u00e1faga de viento, puro ruido o pura m\u00fasica, qui\u00e9n sabe. Un golpe o un suspiro. Datos y met\u00e1foras. Tambi\u00e9n puede ser un eco que a su paso dibuje una imagen.<\/p>\t\t\t\t<\/div>\n\t\t\t\t<\/div>\n\t\t\t\t<div class=\"elementor-element elementor-element-2d4c222 elementor-widget elementor-widget-heading\" data-id=\"2d4c222\" data-element_type=\"widget\" data-widget_type=\"heading.default\">\n\t\t\t\t<div class=\"elementor-widget-container\">\n\t\t\t\t\t<p class=\"elementor-heading-title elementor-size-default\"><b>Andrea<\/b> <b>Mor\u00e1n<\/b> ha estado al cargo del podcast sobre cine Nueva Carpeta y actualmente realiza <b>La mirada encendida<\/b>, otro programa de tem\u00e1tica cinematogr\u00e1fica que propone hablar de las pel\u00edculas sin recurrir necesariamente al formato conversacional.<\/p>\t\t\t\t<\/div>\n\t\t\t\t<\/div>\n\t\t\t\t<div class=\"elementor-element elementor-element-5240cf9 elementor-widget elementor-widget-heading\" data-id=\"5240cf9\" data-element_type=\"widget\" data-widget_type=\"heading.default\">\n\t\t\t\t<div class=\"elementor-widget-container\">\n\t\t\t\t\t<p class=\"elementor-heading-title elementor-size-default\">A lo largo de la sesi\u00f3n veremos (o m\u00e1s bien escucharemos) distintos ejemplos de la multitud de formas que puede adoptar este formato cuando lo que manda es la libertad creativa. Comprobaremos que desde el sonido podemos evocar im\u00e1genes e invocar espacios; que en los podcasts tambi\u00e9n puede haber profundidad de campo, travellings de acompa\u00f1amiento y t\u00edtulos de cr\u00e9dito. Una gran pregunta guiar\u00e1 el recorrido: \u00bfPuede un podcast ser cinematogr\u00e1fico?<\/p>\t\t\t\t<\/div>\n\t\t\t\t<\/div>\n\t\t\t\t\t<\/div>\n\t\t<\/div>\n\t\t\t\t\t<\/div>\n\t\t<\/section>\n\t\t\t\t<section class=\"elementor-section elementor-top-section elementor-element elementor-element-b7f5533 elementor-section-boxed elementor-section-height-default elementor-section-height-default\" data-id=\"b7f5533\" data-element_type=\"section\">\n\t\t\t\t\t\t<div class=\"elementor-container elementor-column-gap-default\">\n\t\t\t\t\t<div class=\"elementor-column elementor-col-50 elementor-top-column elementor-element elementor-element-ce00cac\" data-id=\"ce00cac\" data-element_type=\"column\">\n\t\t\t<div class=\"elementor-widget-wrap elementor-element-populated\">\n\t\t\t\t\t\t<div class=\"elementor-element elementor-element-738ae99 elementor-widget elementor-widget-image\" data-id=\"738ae99\" data-element_type=\"widget\" data-widget_type=\"image.default\">\n\t\t\t\t<div class=\"elementor-widget-container\">\n\t\t\t\t\t\t\t\t\t\t\t\t\t\t\t<img decoding=\"async\" width=\"1000\" height=\"364\" src=\"https:\/\/www.filmfest-granada.com\/2022\/wp-content\/uploads\/sites\/11\/2022\/10\/collage-podcast-copia.png\" class=\"attachment-full size-full wp-image-2579\" alt=\"\" srcset=\"https:\/\/www.filmfest-granada.com\/2022\/wp-content\/uploads\/sites\/11\/2022\/10\/collage-podcast-copia.png 1000w, https:\/\/www.filmfest-granada.com\/2022\/wp-content\/uploads\/sites\/11\/2022\/10\/collage-podcast-copia-300x109.png 300w, https:\/\/www.filmfest-granada.com\/2022\/wp-content\/uploads\/sites\/11\/2022\/10\/collage-podcast-copia-768x280.png 768w\" sizes=\"(max-width: 1000px) 100vw, 1000px\" \/>\t\t\t\t\t\t\t\t\t\t\t\t\t\t\t<\/div>\n\t\t\t\t<\/div>\n\t\t\t\t\t<\/div>\n\t\t<\/div>\n\t\t\t\t<div class=\"elementor-column elementor-col-50 elementor-top-column elementor-element elementor-element-7ec06e9\" data-id=\"7ec06e9\" data-element_type=\"column\">\n\t\t\t<div class=\"elementor-widget-wrap elementor-element-populated\">\n\t\t\t\t\t\t<div class=\"elementor-element elementor-element-4a9619b elementor-widget elementor-widget-heading\" data-id=\"4a9619b\" data-element_type=\"widget\" data-widget_type=\"heading.default\">\n\t\t\t\t<div class=\"elementor-widget-container\">\n\t\t\t\t\t<h2 class=\"elementor-heading-title elementor-size-default\">12:00 - La Madraza<\/h2>\t\t\t\t<\/div>\n\t\t\t\t<\/div>\n\t\t\t\t<div class=\"elementor-element elementor-element-849c809 elementor-widget elementor-widget-heading\" data-id=\"849c809\" data-element_type=\"widget\" data-widget_type=\"heading.default\">\n\t\t\t\t<div class=\"elementor-widget-container\">\n\t\t\t\t\t<h3 class=\"elementor-heading-title elementor-size-medium\">mesa redonda<\/h3>\t\t\t\t<\/div>\n\t\t\t\t<\/div>\n\t\t\t\t<div class=\"elementor-element elementor-element-fc49f10 elementor-widget elementor-widget-heading\" data-id=\"fc49f10\" data-element_type=\"widget\" data-widget_type=\"heading.default\">\n\t\t\t\t<div class=\"elementor-widget-container\">\n\t\t\t\t\t<div class=\"elementor-heading-title elementor-size-default\">Moderada POR ANDREA MOR\u00c1N<\/div>\t\t\t\t<\/div>\n\t\t\t\t<\/div>\n\t\t\t\t<div class=\"elementor-element elementor-element-07e109a elementor-widget elementor-widget-heading\" data-id=\"07e109a\" data-element_type=\"widget\" data-widget_type=\"heading.default\">\n\t\t\t\t<div class=\"elementor-widget-container\">\n\t\t\t\t\t<p class=\"elementor-heading-title elementor-size-default\">Mesa redonda y presentaci\u00f3n de proyectos sonoros. La experiencia de los invitados arrojar\u00e1 luz sobre los distintos m\u00e9todos de producci\u00f3n a la hora de crear y distribuir un podcast. Compartir\u00e1n sus principales l\u00edneas de acci\u00f3n y se abordar\u00e1 el escenario actual de la producci\u00f3n de podcasts para ofrecer una radiograf\u00eda del sector.<\/p>\t\t\t\t<\/div>\n\t\t\t\t<\/div>\n\t\t\t\t<div class=\"elementor-element elementor-element-12694b1 elementor-widget elementor-widget-heading\" data-id=\"12694b1\" data-element_type=\"widget\" data-widget_type=\"heading.default\">\n\t\t\t\t<div class=\"elementor-widget-container\">\n\t\t\t\t\t<div class=\"elementor-heading-title elementor-size-default\">CON LA PRESENCIA DE<\/div>\t\t\t\t<\/div>\n\t\t\t\t<\/div>\n\t\t\t\t<div class=\"elementor-element elementor-element-f86f635 elementor-widget elementor-widget-heading\" data-id=\"f86f635\" data-element_type=\"widget\" data-widget_type=\"heading.default\">\n\t\t\t\t<div class=\"elementor-widget-container\">\n\t\t\t\t\t<h4 class=\"elementor-heading-title elementor-size-medium\">JAVIER MORALES<\/h4>\t\t\t\t<\/div>\n\t\t\t\t<\/div>\n\t\t\t\t<div class=\"elementor-element elementor-element-eff456a elementor-widget elementor-widget-heading\" data-id=\"eff456a\" data-element_type=\"widget\" data-widget_type=\"heading.default\">\n\t\t\t\t<div class=\"elementor-widget-container\">\n\t\t\t\t\t<div class=\"elementor-heading-title elementor-size-default\"><strong>Fuera del Radar<\/strong> - Periodismo narrativo. Episodio <i>El cine de nuestras vidas<\/i>, sobre el Madrigal<\/div>\t\t\t\t<\/div>\n\t\t\t\t<\/div>\n\t\t\t\t<div class=\"elementor-element elementor-element-32f9ef5 elementor-widget elementor-widget-heading\" data-id=\"32f9ef5\" data-element_type=\"widget\" data-widget_type=\"heading.default\">\n\t\t\t\t<div class=\"elementor-widget-container\">\n\t\t\t\t\t<h4 class=\"elementor-heading-title elementor-size-medium\">UXUE PE\u00d1AGARICANO<\/h4>\t\t\t\t<\/div>\n\t\t\t\t<\/div>\n\t\t\t\t<div class=\"elementor-element elementor-element-58bebdb elementor-widget elementor-widget-heading\" data-id=\"58bebdb\" data-element_type=\"widget\" data-widget_type=\"heading.default\">\n\t\t\t\t<div class=\"elementor-widget-container\">\n\t\t\t\t\t<div class=\"elementor-heading-title elementor-size-default\"><strong>Val del Omar. Ondas de fluencia<\/strong> - Documental sonoro<\/div>\t\t\t\t<\/div>\n\t\t\t\t<\/div>\n\t\t\t\t<div class=\"elementor-element elementor-element-2840e66 elementor-widget elementor-widget-heading\" data-id=\"2840e66\" data-element_type=\"widget\" data-widget_type=\"heading.default\">\n\t\t\t\t<div class=\"elementor-widget-container\">\n\t\t\t\t\t<h4 class=\"elementor-heading-title elementor-size-medium\">MANUEL BARTUAL<\/h4>\t\t\t\t<\/div>\n\t\t\t\t<\/div>\n\t\t\t\t<div class=\"elementor-element elementor-element-fa8a8aa elementor-widget elementor-widget-heading\" data-id=\"fa8a8aa\" data-element_type=\"widget\" data-widget_type=\"heading.default\">\n\t\t\t\t<div class=\"elementor-widget-container\">\n\t\t\t\t\t<div class=\"elementor-heading-title elementor-size-default\"><strong>Biotop\u00eda<\/strong>, <strong>Blum<\/strong>, <strong>Santuario<\/strong> - Ficciones sonoras<\/div>\t\t\t\t<\/div>\n\t\t\t\t<\/div>\n\t\t\t\t\t<\/div>\n\t\t<\/div>\n\t\t\t\t\t<\/div>\n\t\t<\/section>\n\t\t\t\t<section class=\"elementor-section elementor-top-section elementor-element elementor-element-6db2c8e elementor-section-boxed elementor-section-height-default elementor-section-height-default\" data-id=\"6db2c8e\" data-element_type=\"section\">\n\t\t\t\t\t\t<div class=\"elementor-container elementor-column-gap-default\">\n\t\t\t\t\t<div class=\"elementor-column elementor-col-100 elementor-top-column elementor-element elementor-element-18cdae2\" data-id=\"18cdae2\" data-element_type=\"column\">\n\t\t\t<div class=\"elementor-widget-wrap elementor-element-populated\">\n\t\t\t\t\t\t<div class=\"elementor-element elementor-element-174bf82 elementor-widget elementor-widget-heading\" data-id=\"174bf82\" data-element_type=\"widget\" data-widget_type=\"heading.default\">\n\t\t\t\t<div class=\"elementor-widget-container\">\n\t\t\t\t\t<div class=\"elementor-heading-title elementor-size-default\">Entrada libre hasta completar aforo<\/div>\t\t\t\t<\/div>\n\t\t\t\t<\/div>\n\t\t\t\t\t<\/div>\n\t\t<\/div>\n\t\t\t\t\t<\/div>\n\t\t<\/section>\n\t\t\t\t<\/div>\n\t\t","protected":false},"excerpt":{"rendered":"<p>DEL CINE AL PODCAST Acostumbrados a la superioridad visual, de un tiempo a esta parte el sonido parece haberse escindido de la imagen. A las aplicaciones de m\u00fasica, las notas de voz y la traducci\u00f3n sonora de libros y peri\u00f3dicos, se suman los podcasts. El audio reclama su espacio y toca escucharlo. Jornadas de reflexi\u00f3n &#8230; <a title=\"Del cine al podcast\" class=\"read-more\" href=\"https:\/\/www.filmfest-granada.com\/2022\/del-cine-al-podcast\/\" aria-label=\"Leer m\u00e1s sobre Del cine al podcast\">Leer m\u00e1s<\/a><\/p>\n","protected":false},"author":1167,"featured_media":0,"parent":0,"menu_order":0,"comment_status":"closed","ping_status":"closed","template":"elementor_header_footer","meta":{"_monsterinsights_skip_tracking":false,"_monsterinsights_sitenote_active":false,"_monsterinsights_sitenote_note":"","_monsterinsights_sitenote_category":0,"footnotes":""},"class_list":["post-2509","page","type-page","status-publish"],"aioseo_notices":[],"_links":{"self":[{"href":"https:\/\/www.filmfest-granada.com\/2022\/wp-json\/wp\/v2\/pages\/2509","targetHints":{"allow":["GET"]}}],"collection":[{"href":"https:\/\/www.filmfest-granada.com\/2022\/wp-json\/wp\/v2\/pages"}],"about":[{"href":"https:\/\/www.filmfest-granada.com\/2022\/wp-json\/wp\/v2\/types\/page"}],"author":[{"embeddable":true,"href":"https:\/\/www.filmfest-granada.com\/2022\/wp-json\/wp\/v2\/users\/1167"}],"replies":[{"embeddable":true,"href":"https:\/\/www.filmfest-granada.com\/2022\/wp-json\/wp\/v2\/comments?post=2509"}],"version-history":[{"count":41,"href":"https:\/\/www.filmfest-granada.com\/2022\/wp-json\/wp\/v2\/pages\/2509\/revisions"}],"predecessor-version":[{"id":2869,"href":"https:\/\/www.filmfest-granada.com\/2022\/wp-json\/wp\/v2\/pages\/2509\/revisions\/2869"}],"wp:attachment":[{"href":"https:\/\/www.filmfest-granada.com\/2022\/wp-json\/wp\/v2\/media?parent=2509"}],"curies":[{"name":"wp","href":"https:\/\/api.w.org\/{rel}","templated":true}]}}