{"id":1664,"date":"2024-10-03T00:42:12","date_gmt":"2024-10-02T22:42:12","guid":{"rendered":"https:\/\/www.filmfest-granada.com\/2024\/?page_id=1664"},"modified":"2024-10-12T18:59:21","modified_gmt":"2024-10-12T16:59:21","slug":"quienes-somos","status":"publish","type":"page","link":"https:\/\/www.filmfest-granada.com\/2024\/quienes-somos\/","title":{"rendered":"Qui\u00e9nes somos"},"content":{"rendered":"\t\t<div data-elementor-type=\"wp-page\" data-elementor-id=\"1664\" class=\"elementor elementor-1664\" data-elementor-post-type=\"page\">\n\t\t\t\t<div class=\"elementor-element elementor-element-49ef540 e-con-full e-flex e-con e-parent\" data-id=\"49ef540\" data-element_type=\"container\" data-settings=\"{&quot;background_background&quot;:&quot;classic&quot;}\">\n\t\t<div class=\"elementor-element elementor-element-7a429bf e-con-full e-flex e-con e-child\" data-id=\"7a429bf\" data-element_type=\"container\" data-settings=\"{&quot;background_background&quot;:&quot;classic&quot;}\">\n\t\t\t\t<div class=\"elementor-element elementor-element-30cefa0 elementor-widget__width-inherit elementor-widget elementor-widget-image\" data-id=\"30cefa0\" data-element_type=\"widget\" data-widget_type=\"image.default\">\n\t\t\t\t<div class=\"elementor-widget-container\">\n\t\t\t\t\t\t\t\t\t\t\t\t\t\t\t<img fetchpriority=\"high\" decoding=\"async\" width=\"550\" height=\"778\" src=\"https:\/\/www.filmfest-granada.com\/2024\/wp-content\/uploads\/sites\/14\/2024\/10\/anigif.gif\" class=\"attachment-full size-full wp-image-1660\" alt=\"\" \/>\t\t\t\t\t\t\t\t\t\t\t\t\t\t\t<\/div>\n\t\t\t\t<\/div>\n\t\t\t\t<\/div>\n\t\t<div class=\"elementor-element elementor-element-9b0151a e-con-full e-flex e-con e-child\" data-id=\"9b0151a\" data-element_type=\"container\" data-settings=\"{&quot;background_background&quot;:&quot;classic&quot;}\">\n\t\t\t\t<div class=\"elementor-element elementor-element-8c89b44 texto elementor-widget elementor-widget-heading\" data-id=\"8c89b44\" data-element_type=\"widget\" data-widget_type=\"heading.default\">\n\t\t\t\t<div class=\"elementor-widget-container\">\n\t\t\t\t\t<h1 class=\"elementor-heading-title elementor-size-default\"><span>FESTIVAL<\/span><br>\n<span>J\u00d3VENES<\/span>\n<span>REALIZADORES<\/span><\/h1>\t\t\t\t<\/div>\n\t\t\t\t<\/div>\n\t\t\t\t<div class=\"elementor-element elementor-element-9260050 intro elementor-widget elementor-widget-heading\" data-id=\"9260050\" data-element_type=\"widget\" data-widget_type=\"heading.default\">\n\t\t\t\t<div class=\"elementor-widget-container\">\n\t\t\t\t\t<span class=\"elementor-heading-title elementor-size-default\"><span>30 A\u00d1OS<\/span> DESCUBRIENDO NUEVOS TALENTOS Y CELEBRANDO LA DIVERSIDAD DEL <span> CINE CONTEMPOR\u00c1NEO.<\/span><\/span>\t\t\t\t<\/div>\n\t\t\t\t<\/div>\n\t\t\t\t<div class=\"elementor-element elementor-element-722e5ad elementor-widget elementor-widget-text-editor\" data-id=\"722e5ad\" data-element_type=\"widget\" data-widget_type=\"text-editor.default\">\n\t\t\t\t<div class=\"elementor-widget-container\">\n\t\t\t\t\t\t\t\t\t<p><strong>Organizado por<\/strong> Ayuntamiento de Granada, Diputaci\u00f3n de Granada, la Delegacio\u0301n de Cultura y Educaci\u00f3n y Fundaci\u00f3n AguaGranada, el <strong>Festival J\u00f3venes Realizadores \u2013 Granada Film Fest<\/strong> apuesta desde hace tres d\u00e9cadas por el descubrimiento de nuevos talentos, celebrando la diversidad del cine contempor\u00e1neo con un especial inter\u00e9s por las \u00f3peras primas y cortometrajes de los cineastas m\u00e1s prometedores del panorama mundial.<\/p>\n<p>La edici\u00f3n 30 aniversario tendr\u00e1 lugar del <strong>20 al 26 de octubre de 2024<\/strong>&nbsp;con el fin de generar un espacio de reflexi\u00f3n y encuentro entre creadores, profesionales de la industria y el p\u00fablico de Granada. Un lugar de experimentaci\u00f3n y aprojimaci\u00f3n entre expresiones art\u00edsticas que contin\u00faa la estela dejada por el cinemista granadino Jos\u00e9 Val del Omar, cuya influencia est\u00e1 hist\u00f3ricamente vinculada al certamen, que concede el <strong>Premio Val del Omar a la Mejor Pel\u00edcula<\/strong>.<\/p>\n<p>Con el <strong>Teatro Isabel la Cat\u00f3lica<\/strong> y el <strong>Palacio Condes de Gabia<\/strong> como sedes principales, cada noche distintas propuestas funden cine y m\u00fasica en directo. Sesiones especiales con las que acercar al p\u00fablico a los creadores y recuperar el valor de la experiencia de la gran pantalla.<\/p>\n<p>La secci\u00f3n oficial se divide entre la <strong>Competici\u00f3n Internacional<\/strong>, la <strong>Competici\u00f3n Aguaespejo<\/strong>&nbsp;y la <strong>Competici\u00f3n Vibraciones<\/strong>, que reparten m\u00e1s de 5000 euros en premios. La Madraza, el Espacio V Centenario, la Facultad de Comunicaci\u00f3n y Documentaci\u00f3n y la Filmoteca de Andaluc\u00eda ser\u00e1n otros espacios que alberguen actividades y proyecciones para llevar el cine m\u00e1s all\u00e1 de la sala, desbordando la ciudad.<\/p>\n<p><strong>Con el patrocinio<\/strong> de Hammam Al \u00c1ndalus, Fundaci\u00f3n Caja Rural, Sat. Campos de Granada, CUPRA Vigilsa.<\/p>\n<p><strong>Con la colaboraci\u00f3n<\/strong> de Fundaci\u00f3n SGAE, Universidad de Granada, La Madraza, Facultad de Comunicaci\u00f3n y Documentaci\u00f3n, Centro de Lenguas Modernas, Acci\u00f3n Cultural, Concejal\u00eda de Juventud, Consejer\u00eda de Cultura y Deporte, Cervezas Victoria, ALSA, Festival Dock of the Bay, FILMIN, Academia de Cine de Andaluc\u00eda, AAMMA, Film in Granada, Mondo Sonoro, Centro Jos\u00e9 Guerrero, Maci\u00e1 Hoteles, Nazar\u00edes, Reely Rental, Restaurante Bot\u00e1nico, Orodeal, iEvent.<\/p>\t\t\t\t\t\t\t\t<\/div>\n\t\t\t\t<\/div>\n\t\t\t\t<\/div>\n\t\t\t\t<\/div>\n\t\t<div class=\"elementor-element elementor-element-af71f28 e-flex e-con-boxed e-con e-parent\" data-id=\"af71f28\" data-element_type=\"container\" data-settings=\"{&quot;background_background&quot;:&quot;classic&quot;}\">\n\t\t\t\t\t<div class=\"e-con-inner\">\n\t\t\t\t<div class=\"elementor-element elementor-element-b87c15d texto elementor-widget elementor-widget-heading\" data-id=\"b87c15d\" data-element_type=\"widget\" data-widget_type=\"heading.default\">\n\t\t\t\t<div class=\"elementor-widget-container\">\n\t\t\t\t\t<h2 class=\"elementor-heading-title elementor-size-default\"><span>EL EQUIPO<\/span><\/h2>\t\t\t\t<\/div>\n\t\t\t\t<\/div>\n\t\t\t\t\t<\/div>\n\t\t\t\t<\/div>\n\t\t<div class=\"elementor-element elementor-element-3d39cc7 e-grid e-con-boxed e-con e-parent\" data-id=\"3d39cc7\" data-element_type=\"container\">\n\t\t\t\t\t<div class=\"e-con-inner\">\n\t\t<div class=\"elementor-element elementor-element-81ee576 e-con-full e-flex e-con e-child\" data-id=\"81ee576\" data-element_type=\"container\">\n\t\t\t\t<div class=\"elementor-element elementor-element-bda4e6b elementor-widget elementor-widget-heading\" data-id=\"bda4e6b\" data-element_type=\"widget\" data-widget_type=\"heading.default\">\n\t\t\t\t<div class=\"elementor-widget-container\">\n\t\t\t\t\t<h3 class=\"elementor-heading-title elementor-size-default\">Director Art\u00edstico<\/h3>\t\t\t\t<\/div>\n\t\t\t\t<\/div>\n\t\t\t\t<div class=\"elementor-element elementor-element-5b759a5 elementor-widget elementor-widget-text-editor\" data-id=\"5b759a5\" data-element_type=\"widget\" data-widget_type=\"text-editor.default\">\n\t\t\t\t<div class=\"elementor-widget-container\">\n\t\t\t\t\t\t\t\t\t<p>Antonio Miguel Arenas<\/p>\t\t\t\t\t\t\t\t<\/div>\n\t\t\t\t<\/div>\n\t\t\t\t<\/div>\n\t\t<div class=\"elementor-element elementor-element-0f46305 e-con-full e-flex e-con e-child\" data-id=\"0f46305\" data-element_type=\"container\">\n\t\t\t\t<div class=\"elementor-element elementor-element-3462fe1 elementor-widget elementor-widget-heading\" data-id=\"3462fe1\" data-element_type=\"widget\" data-widget_type=\"heading.default\">\n\t\t\t\t<div class=\"elementor-widget-container\">\n\t\t\t\t\t<h3 class=\"elementor-heading-title elementor-size-default\">Subdirectora<\/h3>\t\t\t\t<\/div>\n\t\t\t\t<\/div>\n\t\t\t\t<div class=\"elementor-element elementor-element-94f43d5 elementor-widget elementor-widget-text-editor\" data-id=\"94f43d5\" data-element_type=\"widget\" data-widget_type=\"text-editor.default\">\n\t\t\t\t<div class=\"elementor-widget-container\">\n\t\t\t\t\t\t\t\t\t<p>Idoia Virdozola<\/p>\t\t\t\t\t\t\t\t<\/div>\n\t\t\t\t<\/div>\n\t\t\t\t<\/div>\n\t\t<div class=\"elementor-element elementor-element-b566aee e-con-full e-flex e-con e-child\" data-id=\"b566aee\" data-element_type=\"container\">\n\t\t\t\t<div class=\"elementor-element elementor-element-2be5cf9 elementor-widget elementor-widget-heading\" data-id=\"2be5cf9\" data-element_type=\"widget\" data-widget_type=\"heading.default\">\n\t\t\t\t<div class=\"elementor-widget-container\">\n\t\t\t\t\t<h3 class=\"elementor-heading-title elementor-size-default\">DIRECTOR DE PRODUCCI\u00d3N<\/h3>\t\t\t\t<\/div>\n\t\t\t\t<\/div>\n\t\t\t\t<div class=\"elementor-element elementor-element-c98eb8a elementor-widget elementor-widget-text-editor\" data-id=\"c98eb8a\" data-element_type=\"widget\" data-widget_type=\"text-editor.default\">\n\t\t\t\t<div class=\"elementor-widget-container\">\n\t\t\t\t\t\t\t\t\t<p>Julio Bol\u00edvar<\/p>\t\t\t\t\t\t\t\t<\/div>\n\t\t\t\t<\/div>\n\t\t\t\t<\/div>\n\t\t<div class=\"elementor-element elementor-element-8cfc1a2 e-con-full e-flex e-con e-child\" data-id=\"8cfc1a2\" data-element_type=\"container\">\n\t\t\t\t<div class=\"elementor-element elementor-element-af5e9b7 elementor-widget elementor-widget-heading\" data-id=\"af5e9b7\" data-element_type=\"widget\" data-widget_type=\"heading.default\">\n\t\t\t\t<div class=\"elementor-widget-container\">\n\t\t\t\t\t<h3 class=\"elementor-heading-title elementor-size-default\">COORDINADOR AUDIOVISUAL<\/h3>\t\t\t\t<\/div>\n\t\t\t\t<\/div>\n\t\t\t\t<div class=\"elementor-element elementor-element-6bd7369 elementor-widget elementor-widget-text-editor\" data-id=\"6bd7369\" data-element_type=\"widget\" data-widget_type=\"text-editor.default\">\n\t\t\t\t<div class=\"elementor-widget-container\">\n\t\t\t\t\t\t\t\t\t<p>Antonio P. Dom\u00ednguez<\/p>\t\t\t\t\t\t\t\t<\/div>\n\t\t\t\t<\/div>\n\t\t\t\t<\/div>\n\t\t<div class=\"elementor-element elementor-element-2b31e98 e-con-full e-flex e-con e-child\" data-id=\"2b31e98\" data-element_type=\"container\">\n\t\t\t\t<div class=\"elementor-element elementor-element-b65b1c3 elementor-widget elementor-widget-heading\" data-id=\"b65b1c3\" data-element_type=\"widget\" data-widget_type=\"heading.default\">\n\t\t\t\t<div class=\"elementor-widget-container\">\n\t\t\t\t\t<h3 class=\"elementor-heading-title elementor-size-default\">comunicaci\u00f3n<\/h3>\t\t\t\t<\/div>\n\t\t\t\t<\/div>\n\t\t\t\t<div class=\"elementor-element elementor-element-cd12daa elementor-widget elementor-widget-text-editor\" data-id=\"cd12daa\" data-element_type=\"widget\" data-widget_type=\"text-editor.default\">\n\t\t\t\t<div class=\"elementor-widget-container\">\n\t\t\t\t\t\t\t\t\t<p>Luis Moya, Hayeda Cultura<\/p>\t\t\t\t\t\t\t\t<\/div>\n\t\t\t\t<\/div>\n\t\t\t\t<\/div>\n\t\t<div class=\"elementor-element elementor-element-711a5f9 e-con-full e-flex e-con e-child\" data-id=\"711a5f9\" data-element_type=\"container\">\n\t\t\t\t<div class=\"elementor-element elementor-element-e7448dc elementor-widget elementor-widget-heading\" data-id=\"e7448dc\" data-element_type=\"widget\" data-widget_type=\"heading.default\">\n\t\t\t\t<div class=\"elementor-widget-container\">\n\t\t\t\t\t<h3 class=\"elementor-heading-title elementor-size-default\">DISE\u00d1O GR\u00c1FICO<\/h3>\t\t\t\t<\/div>\n\t\t\t\t<\/div>\n\t\t\t\t<div class=\"elementor-element elementor-element-1c0f511 elementor-widget elementor-widget-text-editor\" data-id=\"1c0f511\" data-element_type=\"widget\" data-widget_type=\"text-editor.default\">\n\t\t\t\t<div class=\"elementor-widget-container\">\n\t\t\t\t\t\t\t\t\t<p>Alberto Valero<\/p>\t\t\t\t\t\t\t\t<\/div>\n\t\t\t\t<\/div>\n\t\t\t\t<\/div>\n\t\t<div class=\"elementor-element elementor-element-6104466 e-con-full e-flex e-con e-child\" data-id=\"6104466\" data-element_type=\"container\">\n\t\t\t\t<div class=\"elementor-element elementor-element-b0ad673 elementor-widget elementor-widget-heading\" data-id=\"b0ad673\" data-element_type=\"widget\" data-widget_type=\"heading.default\">\n\t\t\t\t<div class=\"elementor-widget-container\">\n\t\t\t\t\t<h3 class=\"elementor-heading-title elementor-size-default\">WEB<\/h3>\t\t\t\t<\/div>\n\t\t\t\t<\/div>\n\t\t\t\t<div class=\"elementor-element elementor-element-1b36c59 elementor-widget elementor-widget-text-editor\" data-id=\"1b36c59\" data-element_type=\"widget\" data-widget_type=\"text-editor.default\">\n\t\t\t\t<div class=\"elementor-widget-container\">\n\t\t\t\t\t\t\t\t\t<p>Alba Domene, Juanma \u00c1vila, Ed\u00e9n Hern\u00e1ndez<\/p>\t\t\t\t\t\t\t\t<\/div>\n\t\t\t\t<\/div>\n\t\t\t\t<\/div>\n\t\t<div class=\"elementor-element elementor-element-064083b e-con-full e-flex e-con e-child\" data-id=\"064083b\" data-element_type=\"container\">\n\t\t\t\t<div class=\"elementor-element elementor-element-9f63332 elementor-widget elementor-widget-heading\" data-id=\"9f63332\" data-element_type=\"widget\" data-widget_type=\"heading.default\">\n\t\t\t\t<div class=\"elementor-widget-container\">\n\t\t\t\t\t<h3 class=\"elementor-heading-title elementor-size-default\">FOT\u00d3GRAFO<\/h3>\t\t\t\t<\/div>\n\t\t\t\t<\/div>\n\t\t\t\t<div class=\"elementor-element elementor-element-a8f5846 elementor-widget elementor-widget-text-editor\" data-id=\"a8f5846\" data-element_type=\"widget\" data-widget_type=\"text-editor.default\">\n\t\t\t\t<div class=\"elementor-widget-container\">\n\t\t\t\t\t\t\t\t\t<p>\u00c1ngel Cabello Padial<\/p>\t\t\t\t\t\t\t\t<\/div>\n\t\t\t\t<\/div>\n\t\t\t\t<\/div>\n\t\t<div class=\"elementor-element elementor-element-a47783a e-con-full e-flex e-con e-child\" data-id=\"a47783a\" data-element_type=\"container\">\n\t\t\t\t<div class=\"elementor-element elementor-element-061226f elementor-widget elementor-widget-heading\" data-id=\"061226f\" data-element_type=\"widget\" data-widget_type=\"heading.default\">\n\t\t\t\t<div class=\"elementor-widget-container\">\n\t\t\t\t\t<h3 class=\"elementor-heading-title elementor-size-default\">AUXILIAR PRODUCCI\u00d3N<\/h3>\t\t\t\t<\/div>\n\t\t\t\t<\/div>\n\t\t\t\t<div class=\"elementor-element elementor-element-4f85cfd elementor-widget elementor-widget-text-editor\" data-id=\"4f85cfd\" data-element_type=\"widget\" data-widget_type=\"text-editor.default\">\n\t\t\t\t<div class=\"elementor-widget-container\">\n\t\t\t\t\t\t\t\t\t<p>Carmen Rodr\u00edguez<\/p>\t\t\t\t\t\t\t\t<\/div>\n\t\t\t\t<\/div>\n\t\t\t\t<\/div>\n\t\t<div class=\"elementor-element elementor-element-54e8684 e-con-full e-flex e-con e-child\" data-id=\"54e8684\" data-element_type=\"container\">\n\t\t\t\t<div class=\"elementor-element elementor-element-008b06d elementor-widget elementor-widget-heading\" data-id=\"008b06d\" data-element_type=\"widget\" data-widget_type=\"heading.default\">\n\t\t\t\t<div class=\"elementor-widget-container\">\n\t\t\t\t\t<h3 class=\"elementor-heading-title elementor-size-default\">FOTOGRAF\u00cdA CARTEL<\/h3>\t\t\t\t<\/div>\n\t\t\t\t<\/div>\n\t\t\t\t<div class=\"elementor-element elementor-element-ce6a8b3 elementor-widget elementor-widget-text-editor\" data-id=\"ce6a8b3\" data-element_type=\"widget\" data-widget_type=\"text-editor.default\">\n\t\t\t\t<div class=\"elementor-widget-container\">\n\t\t\t\t\t\t\t\t\t<p>Sara Espinosa<\/p>\t\t\t\t\t\t\t\t<\/div>\n\t\t\t\t<\/div>\n\t\t\t\t<\/div>\n\t\t<div class=\"elementor-element elementor-element-1ec2e59 e-con-full e-flex e-con e-child\" data-id=\"1ec2e59\" data-element_type=\"container\">\n\t\t\t\t<div class=\"elementor-element elementor-element-0a897c1 elementor-widget elementor-widget-heading\" data-id=\"0a897c1\" data-element_type=\"widget\" data-widget_type=\"heading.default\">\n\t\t\t\t<div class=\"elementor-widget-container\">\n\t\t\t\t\t<h3 class=\"elementor-heading-title elementor-size-default\">AUXILIAR AUDIOVISUAL<\/h3>\t\t\t\t<\/div>\n\t\t\t\t<\/div>\n\t\t\t\t<div class=\"elementor-element elementor-element-6d6b48f elementor-widget elementor-widget-text-editor\" data-id=\"6d6b48f\" data-element_type=\"widget\" data-widget_type=\"text-editor.default\">\n\t\t\t\t<div class=\"elementor-widget-container\">\n\t\t\t\t\t\t\t\t\t<p>Paul Walter<\/p>\t\t\t\t\t\t\t\t<\/div>\n\t\t\t\t<\/div>\n\t\t\t\t<\/div>\n\t\t<div class=\"elementor-element elementor-element-a506516 e-con-full e-flex e-con e-child\" data-id=\"a506516\" data-element_type=\"container\">\n\t\t\t\t<div class=\"elementor-element elementor-element-60b9224 elementor-widget elementor-widget-heading\" data-id=\"60b9224\" data-element_type=\"widget\" data-widget_type=\"heading.default\">\n\t\t\t\t<div class=\"elementor-widget-container\">\n\t\t\t\t\t<h3 class=\"elementor-heading-title elementor-size-default\">AUXILIARES COMUNICACI\u00d3N<\/h3>\t\t\t\t<\/div>\n\t\t\t\t<\/div>\n\t\t\t\t<div class=\"elementor-element elementor-element-a9820ed elementor-widget elementor-widget-text-editor\" data-id=\"a9820ed\" data-element_type=\"widget\" data-widget_type=\"text-editor.default\">\n\t\t\t\t<div class=\"elementor-widget-container\">\n\t\t\t\t\t\t\t\t\t<p>Luc\u00eda Montiel, Jairo Rojas<\/p>\t\t\t\t\t\t\t\t<\/div>\n\t\t\t\t<\/div>\n\t\t\t\t<\/div>\n\t\t<div class=\"elementor-element elementor-element-abb8cb6 e-con-full e-flex e-con e-child\" data-id=\"abb8cb6\" data-element_type=\"container\">\n\t\t\t\t<div class=\"elementor-element elementor-element-51865b1 elementor-widget elementor-widget-heading\" data-id=\"51865b1\" data-element_type=\"widget\" data-widget_type=\"heading.default\">\n\t\t\t\t<div class=\"elementor-widget-container\">\n\t\t\t\t\t<h3 class=\"elementor-heading-title elementor-size-default\">T\u00c9CNICOS<\/h3>\t\t\t\t<\/div>\n\t\t\t\t<\/div>\n\t\t\t\t<div class=\"elementor-element elementor-element-f1590a1 elementor-widget elementor-widget-text-editor\" data-id=\"f1590a1\" data-element_type=\"widget\" data-widget_type=\"text-editor.default\">\n\t\t\t\t<div class=\"elementor-widget-container\">\n\t\t\t\t\t\t\t\t\t<p>Gabi Sedano, Juan P\u00e9rez, Daniel P\u00e9rez<\/p>\t\t\t\t\t\t\t\t<\/div>\n\t\t\t\t<\/div>\n\t\t\t\t<\/div>\n\t\t<div class=\"elementor-element elementor-element-b8ff314 e-con-full e-flex e-con e-child\" data-id=\"b8ff314\" data-element_type=\"container\">\n\t\t\t\t<div class=\"elementor-element elementor-element-8f959c0 elementor-widget elementor-widget-heading\" data-id=\"8f959c0\" data-element_type=\"widget\" data-widget_type=\"heading.default\">\n\t\t\t\t<div class=\"elementor-widget-container\">\n\t\t\t\t\t<h3 class=\"elementor-heading-title elementor-size-default\">COMIT\u00c9 DE SELECCI\u00d3N<\/h3>\t\t\t\t<\/div>\n\t\t\t\t<\/div>\n\t\t\t\t<div class=\"elementor-element elementor-element-8848331 elementor-widget elementor-widget-text-editor\" data-id=\"8848331\" data-element_type=\"widget\" data-widget_type=\"text-editor.default\">\n\t\t\t\t<div class=\"elementor-widget-container\">\n\t\t\t\t\t\t\t\t\t<p>Antonio Miguel Arenas, Antonio P. Dom\u00ednguez, \u00c1ngela Rodr\u00edguez, B\u00e1rbara Guerrero, Roc\u00edo Mesa<\/p>\t\t\t\t\t\t\t\t<\/div>\n\t\t\t\t<\/div>\n\t\t\t\t<\/div>\n\t\t\t\t\t<\/div>\n\t\t\t\t<\/div>\n\t\t\t\t<\/div>\n\t\t","protected":false},"excerpt":{"rendered":"<p>\/*! elementor &#8211; v3.22.0 &#8211; 26-06-2024 *\/ .elementor-widget-image{text-align:center}.elementor-widget-image a{display:inline-block}.elementor-widget-image a img[src$=\u00bb.svg\u00bb]{width:48px}.elementor-widget-image img{vertical-align:middle;display:inline-block} \/*! elementor &#8211; v3.22.0 &#8211; 26-06-2024 *\/ .elementor-heading-title{padding:0;margin:0;line-height:1}.elementor-widget-heading .elementor-heading-title[class*=elementor-size-]&gt;a{color:inherit;font-size:inherit;line-height:inherit}.elementor-widget-heading .elementor-heading-title.elementor-size-small{font-size:15px}.elementor-widget-heading .elementor-heading-title.elementor-size-medium{font-size:19px}.elementor-widget-heading .elementor-heading-title.elementor-size-large{font-size:29px}.elementor-widget-heading .elementor-heading-title.elementor-size-xl{font-size:39px}.elementor-widget-heading .elementor-heading-title.elementor-size-xxl{font-size:59px} FESTIVAL J\u00d3VENES REALIZADORES 30 A\u00d1OS DESCUBRIENDO NUEVOS TALENTOS Y CELEBRANDO LA DIVERSIDAD DEL CINE CONTEMPOR\u00c1NEO. Organizado por Ayuntamiento de Granada, Diputaci\u00f3n de Granada, la Delegacio\u0301n de Cultura y Educaci\u00f3n &#8230; <a title=\"Qui\u00e9nes somos\" class=\"read-more\" href=\"https:\/\/www.filmfest-granada.com\/2024\/quienes-somos\/\" aria-label=\"Leer m\u00e1s sobre Qui\u00e9nes somos\">Leer m\u00e1s<\/a><\/p>\n","protected":false},"author":1167,"featured_media":0,"parent":0,"menu_order":0,"comment_status":"closed","ping_status":"closed","template":"elementor_header_footer","meta":{"footnotes":""},"class_list":["post-1664","page","type-page","status-publish"],"_links":{"self":[{"href":"https:\/\/www.filmfest-granada.com\/2024\/wp-json\/wp\/v2\/pages\/1664","targetHints":{"allow":["GET"]}}],"collection":[{"href":"https:\/\/www.filmfest-granada.com\/2024\/wp-json\/wp\/v2\/pages"}],"about":[{"href":"https:\/\/www.filmfest-granada.com\/2024\/wp-json\/wp\/v2\/types\/page"}],"author":[{"embeddable":true,"href":"https:\/\/www.filmfest-granada.com\/2024\/wp-json\/wp\/v2\/users\/1167"}],"replies":[{"embeddable":true,"href":"https:\/\/www.filmfest-granada.com\/2024\/wp-json\/wp\/v2\/comments?post=1664"}],"version-history":[{"count":62,"href":"https:\/\/www.filmfest-granada.com\/2024\/wp-json\/wp\/v2\/pages\/1664\/revisions"}],"predecessor-version":[{"id":2904,"href":"https:\/\/www.filmfest-granada.com\/2024\/wp-json\/wp\/v2\/pages\/1664\/revisions\/2904"}],"wp:attachment":[{"href":"https:\/\/www.filmfest-granada.com\/2024\/wp-json\/wp\/v2\/media?parent=1664"}],"curies":[{"name":"wp","href":"https:\/\/api.w.org\/{rel}","templated":true}]}}